{"id":14161,"date":"2022-09-12T10:36:37","date_gmt":"2022-09-12T10:36:37","guid":{"rendered":"https:\/\/www.finsdesiecles-artdeco.com\/product\/standing-lamp-2\/"},"modified":"2023-07-20T08:57:16","modified_gmt":"2023-07-20T08:57:16","slug":"lampadaire","status":"publish","type":"product","link":"https:\/\/www.finsdesiecles-artdeco.com\/fr\/product\/lampadaire\/","title":{"rendered":"Lampadaire &#8211; Barcelone 1960"},"content":{"rendered":"<p>Lampadaire &#8211; Barcelone, 1960<\/p>\n<p>&nbsp;<\/p>\n<p><strong>Dimensions<\/strong><\/p>\n<p><strong>cm <\/strong>Diam 45 x 167<\/p>\n<p><strong>inches <\/strong>Diam 17.71 x 65.74<\/p>\n","protected":false},"excerpt":{"rendered":"<p>Lampadaire en acajou massif, laiton poli massif, base en acier plaqu\u00e9 d&rsquo;acajou, nouvel abat-jour en papier peint \u00e0 la main dans les ann\u00e9es 70. Deux ampoules.<\/p>\n<p>Espagne, Barcelone vers 1960.<\/p>\n<p><strong>Dimensions<\/strong><\/p>\n<p><strong>cm <\/strong>Diam 45 x 167<\/p>\n<p><strong>inches <\/strong>Diam 17.71 x 65.74<\/p>\n","protected":false},"featured_media":14137,"template":"","meta":{"_editorskit_title_hidden":false,"_editorskit_reading_time":0,"_editorskit_is_block_options_detached":false,"_editorskit_block_options_position":"{}","inline_featured_image":false},"product_brand":[],"product_cat":[264,330],"product_tag":[],"class_list":{"0":"post-14161","1":"product","2":"type-product","3":"status-publish","4":"has-post-thumbnail","6":"product_cat-luminaires","7":"product_cat-lampadaires","9":"first","10":"instock","11":"shipping-taxable","12":"purchasable","13":"product-type-simple"},"_links":{"self":[{"href":"https:\/\/www.finsdesiecles-artdeco.com\/fr\/wp-json\/wp\/v2\/product\/14161","targetHints":{"allow":["GET"]}}],"collection":[{"href":"https:\/\/www.finsdesiecles-artdeco.com\/fr\/wp-json\/wp\/v2\/product"}],"about":[{"href":"https:\/\/www.finsdesiecles-artdeco.com\/fr\/wp-json\/wp\/v2\/types\/product"}],"wp:featuredmedia":[{"embeddable":true,"href":"https:\/\/www.finsdesiecles-artdeco.com\/fr\/wp-json\/wp\/v2\/media\/14137"}],"wp:attachment":[{"href":"https:\/\/www.finsdesiecles-artdeco.com\/fr\/wp-json\/wp\/v2\/media?parent=14161"}],"wp:term":[{"taxonomy":"product_brand","embeddable":true,"href":"https:\/\/www.finsdesiecles-artdeco.com\/fr\/wp-json\/wp\/v2\/product_brand?post=14161"},{"taxonomy":"product_cat","embeddable":true,"href":"https:\/\/www.finsdesiecles-artdeco.com\/fr\/wp-json\/wp\/v2\/product_cat?post=14161"},{"taxonomy":"product_tag","embeddable":true,"href":"https:\/\/www.finsdesiecles-artdeco.com\/fr\/wp-json\/wp\/v2\/product_tag?post=14161"}],"curies":[{"name":"wp","href":"https:\/\/api.w.org\/{rel}","templated":true}]}}