{"id":14206,"date":"2022-09-13T11:24:48","date_gmt":"2022-09-13T11:24:48","guid":{"rendered":"https:\/\/www.finsdesiecles-artdeco.com\/product\/cabinet-2\/"},"modified":"2023-07-24T10:25:15","modified_gmt":"2023-07-24T10:25:15","slug":"enfilade-5","status":"publish","type":"product","link":"https:\/\/www.finsdesiecles-artdeco.com\/fr\/product\/enfilade-5\/","title":{"rendered":"Grand meuble-buffet &#8211; Italie 1930"},"content":{"rendered":"<p>Grand meuble-buffet &#8211; Italie 1930<\/p>\n<p>&nbsp;<\/p>\n<p><strong>Dimensions\u00a0<\/strong><\/p>\n<p><strong>cm <\/strong>230 x 51-75 x 96-120<\/p>\n<p><strong>inches <\/strong>90,55 x 20.07-29.52 x 37.79-47.24<\/p>\n<p>&nbsp;<\/p>\n","protected":false},"excerpt":{"rendered":"<p>Grand meuble-buffet en bois plaqu\u00e9 d&rsquo;acajou mouchet\u00e9 reposant sur un socle laqu\u00e9 noir, poign\u00e9es en bois massif laqu\u00e9 noir, int\u00e9rieur en cerisier, quincaillerie en laiton et laiton nickel\u00e9. Vernis au tampon.<\/p>\n<p>Second buffet assorti disponible.<\/p>\n<p>Italie, vers 1930.<\/p>\n<p>&nbsp;<\/p>\n<p><strong>Dimensions\u00a0<\/strong><\/p>\n<p><strong>cm <\/strong>230 x 51-75 x 96-120<\/p>\n<p><strong>inches <\/strong>90,55 x 20.07-29.52 x 37.79-47.24<\/p>\n<p>&nbsp;<\/p>\n","protected":false},"featured_media":14176,"template":"","meta":{"_editorskit_title_hidden":false,"_editorskit_reading_time":0,"_editorskit_is_block_options_detached":false,"_editorskit_block_options_position":"{}","inline_featured_image":false},"product_brand":[],"product_cat":[415,273],"product_tag":[],"class_list":{"0":"post-14206","1":"product","2":"type-product","3":"status-publish","4":"has-post-thumbnail","6":"product_cat-meubles-de-rangement","7":"product_cat-enfilades","9":"first","10":"instock","11":"shipping-taxable","12":"purchasable","13":"product-type-simple"},"_links":{"self":[{"href":"https:\/\/www.finsdesiecles-artdeco.com\/fr\/wp-json\/wp\/v2\/product\/14206","targetHints":{"allow":["GET"]}}],"collection":[{"href":"https:\/\/www.finsdesiecles-artdeco.com\/fr\/wp-json\/wp\/v2\/product"}],"about":[{"href":"https:\/\/www.finsdesiecles-artdeco.com\/fr\/wp-json\/wp\/v2\/types\/product"}],"wp:featuredmedia":[{"embeddable":true,"href":"https:\/\/www.finsdesiecles-artdeco.com\/fr\/wp-json\/wp\/v2\/media\/14176"}],"wp:attachment":[{"href":"https:\/\/www.finsdesiecles-artdeco.com\/fr\/wp-json\/wp\/v2\/media?parent=14206"}],"wp:term":[{"taxonomy":"product_brand","embeddable":true,"href":"https:\/\/www.finsdesiecles-artdeco.com\/fr\/wp-json\/wp\/v2\/product_brand?post=14206"},{"taxonomy":"product_cat","embeddable":true,"href":"https:\/\/www.finsdesiecles-artdeco.com\/fr\/wp-json\/wp\/v2\/product_cat?post=14206"},{"taxonomy":"product_tag","embeddable":true,"href":"https:\/\/www.finsdesiecles-artdeco.com\/fr\/wp-json\/wp\/v2\/product_tag?post=14206"}],"curies":[{"name":"wp","href":"https:\/\/api.w.org\/{rel}","templated":true}]}}