{"id":14275,"date":"2022-09-14T10:42:02","date_gmt":"2022-09-14T10:42:02","guid":{"rendered":"https:\/\/www.finsdesiecles-artdeco.com\/product\/wall-light-2\/"},"modified":"2022-09-14T10:46:21","modified_gmt":"2022-09-14T10:46:21","slug":"plafonnier","status":"publish","type":"product","link":"https:\/\/www.finsdesiecles-artdeco.com\/fr\/product\/plafonnier\/","title":{"rendered":"Plafonnier Raak Amsterdam\u00a0 &#8211; 1970"},"content":{"rendered":"<p>Plafonnier Raak Amsterdam\u00a0 &#8211;\u00a0 1970<\/p>\n<p>&nbsp;<\/p>\n<p><strong>Dimensions<\/strong><\/p>\n<p><strong>cm<\/strong> 50 x 50 x 12<\/p>\n<p><strong>inches <\/strong>19.68 x 19.68 x 4.72<\/p>\n","protected":false},"excerpt":{"rendered":"<p>Plafonnier \u00e0 quatre lumi\u00e8res en plastique moul\u00e9 blanc cr\u00e8me.<\/p>\n<p>Raak, Amsterdam, Pays-Bas vers 1970.<\/p>\n<p>&nbsp;<\/p>\n<p><strong>Dimensions<\/strong><\/p>\n<p><strong>cm<\/strong> 50 x 50 x 12<\/p>\n<p><strong>inches <\/strong>19.68 x 19.68 x 4.72<\/p>\n","protected":false},"featured_media":14257,"template":"","meta":{"_editorskit_title_hidden":false,"_editorskit_reading_time":0,"_editorskit_is_block_options_detached":false,"_editorskit_block_options_position":"{}","inline_featured_image":false},"product_brand":[],"product_cat":[264,354],"product_tag":[],"class_list":{"0":"post-14275","1":"product","2":"type-product","3":"status-publish","4":"has-post-thumbnail","6":"product_cat-luminaires","7":"product_cat-appliques","9":"first","10":"instock","11":"shipping-taxable","12":"purchasable","13":"product-type-simple"},"_links":{"self":[{"href":"https:\/\/www.finsdesiecles-artdeco.com\/fr\/wp-json\/wp\/v2\/product\/14275","targetHints":{"allow":["GET"]}}],"collection":[{"href":"https:\/\/www.finsdesiecles-artdeco.com\/fr\/wp-json\/wp\/v2\/product"}],"about":[{"href":"https:\/\/www.finsdesiecles-artdeco.com\/fr\/wp-json\/wp\/v2\/types\/product"}],"wp:featuredmedia":[{"embeddable":true,"href":"https:\/\/www.finsdesiecles-artdeco.com\/fr\/wp-json\/wp\/v2\/media\/14257"}],"wp:attachment":[{"href":"https:\/\/www.finsdesiecles-artdeco.com\/fr\/wp-json\/wp\/v2\/media?parent=14275"}],"wp:term":[{"taxonomy":"product_brand","embeddable":true,"href":"https:\/\/www.finsdesiecles-artdeco.com\/fr\/wp-json\/wp\/v2\/product_brand?post=14275"},{"taxonomy":"product_cat","embeddable":true,"href":"https:\/\/www.finsdesiecles-artdeco.com\/fr\/wp-json\/wp\/v2\/product_cat?post=14275"},{"taxonomy":"product_tag","embeddable":true,"href":"https:\/\/www.finsdesiecles-artdeco.com\/fr\/wp-json\/wp\/v2\/product_tag?post=14275"}],"curies":[{"name":"wp","href":"https:\/\/api.w.org\/{rel}","templated":true}]}}