{"id":14421,"date":"2022-09-26T09:36:57","date_gmt":"2022-09-26T09:36:57","guid":{"rendered":"https:\/\/www.finsdesiecles-artdeco.com\/product\/chest-of-drawers-3\/"},"modified":"2023-07-18T14:06:28","modified_gmt":"2023-07-18T14:06:28","slug":"commode-3","status":"publish","type":"product","link":"https:\/\/www.finsdesiecles-artdeco.com\/fr\/product\/commode-3\/","title":{"rendered":"Faux semainier avec portes &#8211; France 1920-25"},"content":{"rendered":"<p>Faux semainier ouvrant par deux portes &#8211; France 1920-25<\/p>\n<p>&nbsp;<\/p>\n<p><strong>Dimensions<\/strong><\/p>\n<p><strong>cm <\/strong>32 x 45 x 145<\/p>\n<p><strong>inches<\/strong> 13 x 17.71 x 57<\/p>\n","protected":false},"excerpt":{"rendered":"<p>Faux semainier ouvrant par deux portes (et non tiroirs) \u00e0 structure en ch\u00eane massif plaqu\u00e9 de palissandre de Rio, montants cannel\u00e9s et pieds en acajou massif. Interieur en ch\u00eane. Poign\u00e9es de tirage et quincaillerie en laiton nickel\u00e9. Vernis au tampon. Grande qualit\u00e9.<\/p>\n<p>France vers 1920-25<\/p>\n<p><strong>Dimensions<\/strong><\/p>\n<p><strong>cm <\/strong>32 x 45 x 145<\/p>\n<p><strong>inches<\/strong> 13 x 17.71 x 57<\/p>\n","protected":false},"featured_media":14381,"template":"","meta":{"_editorskit_title_hidden":false,"_editorskit_reading_time":0,"_editorskit_is_block_options_detached":false,"_editorskit_block_options_position":"{}","inline_featured_image":false},"product_brand":[],"product_cat":[415,306],"product_tag":[],"class_list":{"0":"post-14421","1":"product","2":"type-product","3":"status-publish","4":"has-post-thumbnail","6":"product_cat-meubles-de-rangement","7":"product_cat-commodes","9":"first","10":"instock","11":"shipping-taxable","12":"purchasable","13":"product-type-simple"},"_links":{"self":[{"href":"https:\/\/www.finsdesiecles-artdeco.com\/fr\/wp-json\/wp\/v2\/product\/14421","targetHints":{"allow":["GET"]}}],"collection":[{"href":"https:\/\/www.finsdesiecles-artdeco.com\/fr\/wp-json\/wp\/v2\/product"}],"about":[{"href":"https:\/\/www.finsdesiecles-artdeco.com\/fr\/wp-json\/wp\/v2\/types\/product"}],"wp:featuredmedia":[{"embeddable":true,"href":"https:\/\/www.finsdesiecles-artdeco.com\/fr\/wp-json\/wp\/v2\/media\/14381"}],"wp:attachment":[{"href":"https:\/\/www.finsdesiecles-artdeco.com\/fr\/wp-json\/wp\/v2\/media?parent=14421"}],"wp:term":[{"taxonomy":"product_brand","embeddable":true,"href":"https:\/\/www.finsdesiecles-artdeco.com\/fr\/wp-json\/wp\/v2\/product_brand?post=14421"},{"taxonomy":"product_cat","embeddable":true,"href":"https:\/\/www.finsdesiecles-artdeco.com\/fr\/wp-json\/wp\/v2\/product_cat?post=14421"},{"taxonomy":"product_tag","embeddable":true,"href":"https:\/\/www.finsdesiecles-artdeco.com\/fr\/wp-json\/wp\/v2\/product_tag?post=14421"}],"curies":[{"name":"wp","href":"https:\/\/api.w.org\/{rel}","templated":true}]}}