{"id":14769,"date":"2022-10-17T09:51:23","date_gmt":"2022-10-17T09:51:23","guid":{"rendered":"https:\/\/www.finsdesiecles-artdeco.com\/product\/pair-of-thonet-side-tables-vienna-1904\/"},"modified":"2022-10-17T10:07:24","modified_gmt":"2022-10-17T10:07:24","slug":"pair-of-thonet-side-tables-vienna-1904","status":"publish","type":"product","link":"https:\/\/www.finsdesiecles-artdeco.com\/fr\/product\/pair-of-thonet-side-tables-vienna-1904\/","title":{"rendered":"Paire de tables d&rsquo;appoint Thonet &#8211; Vienne 1904"},"content":{"rendered":"<p>Paire de tables d&rsquo;appoint Thonet &#8211; Vienne 1904<\/p>\n<p>&nbsp;<\/p>\n<p><strong>Dimensions<\/strong><\/p>\n<p><strong>cm<\/strong> 55 x 55 x 70<\/p>\n<p><strong>inches <\/strong>21.65 x 21.65 x 27.55<\/p>\n","protected":false},"excerpt":{"rendered":"<p>Paire de tables d&rsquo;appoint tripodes et triangulaires en h\u00eatre massif teint\u00e9 et verni au tampon, plateaux en verre \u00e9pais \u00e0 motif de fleurs de lys.<\/p>\n<p>Production: Thonet, Vienne, mod\u00e8le 9104 de 1904.<\/p>\n<p>&nbsp;<\/p>\n<p><strong>Dimensions<\/strong><\/p>\n<p><strong>cm<\/strong> 55 x 55 x 70<\/p>\n<p><strong>inches <\/strong>21.65 x 21.65 x 27.55<\/p>\n","protected":false},"featured_media":14745,"template":"","meta":{"_editorskit_title_hidden":false,"_editorskit_reading_time":0,"_editorskit_is_block_options_detached":false,"_editorskit_block_options_position":"{}","inline_featured_image":false},"product_brand":[],"product_cat":[256,257],"product_tag":[],"class_list":{"0":"post-14769","1":"product","2":"type-product","3":"status-publish","4":"has-post-thumbnail","6":"product_cat-tables","7":"product_cat-gueridons","9":"first","10":"instock","11":"shipping-taxable","12":"purchasable","13":"product-type-simple"},"_links":{"self":[{"href":"https:\/\/www.finsdesiecles-artdeco.com\/fr\/wp-json\/wp\/v2\/product\/14769","targetHints":{"allow":["GET"]}}],"collection":[{"href":"https:\/\/www.finsdesiecles-artdeco.com\/fr\/wp-json\/wp\/v2\/product"}],"about":[{"href":"https:\/\/www.finsdesiecles-artdeco.com\/fr\/wp-json\/wp\/v2\/types\/product"}],"wp:featuredmedia":[{"embeddable":true,"href":"https:\/\/www.finsdesiecles-artdeco.com\/fr\/wp-json\/wp\/v2\/media\/14745"}],"wp:attachment":[{"href":"https:\/\/www.finsdesiecles-artdeco.com\/fr\/wp-json\/wp\/v2\/media?parent=14769"}],"wp:term":[{"taxonomy":"product_brand","embeddable":true,"href":"https:\/\/www.finsdesiecles-artdeco.com\/fr\/wp-json\/wp\/v2\/product_brand?post=14769"},{"taxonomy":"product_cat","embeddable":true,"href":"https:\/\/www.finsdesiecles-artdeco.com\/fr\/wp-json\/wp\/v2\/product_cat?post=14769"},{"taxonomy":"product_tag","embeddable":true,"href":"https:\/\/www.finsdesiecles-artdeco.com\/fr\/wp-json\/wp\/v2\/product_tag?post=14769"}],"curies":[{"name":"wp","href":"https:\/\/api.w.org\/{rel}","templated":true}]}}