{"id":15666,"date":"2022-11-05T10:46:55","date_gmt":"2022-11-05T10:46:55","guid":{"rendered":"https:\/\/www.finsdesiecles-artdeco.com\/product\/chest-of-drawers-5\/"},"modified":"2022-11-05T10:51:34","modified_gmt":"2022-11-05T10:51:34","slug":"commode-5","status":"publish","type":"product","link":"https:\/\/www.finsdesiecles-artdeco.com\/fr\/product\/commode-5\/","title":{"rendered":"Commode \u00e0 six tiroirs \u2013 Italie 1950"},"content":{"rendered":"<p>Commode \u00e0 six tiroirs \u2013 Italie 1950<\/p>\n<p>&nbsp;<\/p>\n<p><strong>Dimensions<\/strong><\/p>\n<p><strong>cm<\/strong> 200 x 50 x 91<\/p>\n<p><strong>inches <\/strong>78.74 x 19.68 x 35.82<\/p>\n","protected":false},"excerpt":{"rendered":"<p>Commode \u00e0 six tiroirs en bois massif plaqu\u00e9 de palissandre, marqueterie en \u00ab\u00a0chevrons\u00a0\u00bb sur les tiroirs, pi\u00e8tement en noyer massif teint\u00e9 assorti \u00e0 l&rsquo;encadrement du plateau en verre d&rsquo;origine (de couleur verte avec un double filet d\u00e9coratif) Poign\u00e9es et sabots en laiton poli. Vernis au tampon.<\/p>\n<p>Italie, d\u00e9but des ann\u00e9es 50.<\/p>\n<p>&nbsp;<\/p>\n<p><strong>Dimensions<\/strong><\/p>\n<p><strong>cm<\/strong> 200 x 50 x 91<\/p>\n<p><strong>inches <\/strong>78.74 x 19.68 x 35.82<\/p>\n","protected":false},"featured_media":15608,"template":"","meta":{"_editorskit_title_hidden":false,"_editorskit_reading_time":0,"_editorskit_is_block_options_detached":false,"_editorskit_block_options_position":"{}","inline_featured_image":false},"product_brand":[],"product_cat":[415,306],"product_tag":[],"class_list":{"0":"post-15666","1":"product","2":"type-product","3":"status-publish","4":"has-post-thumbnail","6":"product_cat-meubles-de-rangement","7":"product_cat-commodes","9":"first","10":"outofstock","11":"shipping-taxable","12":"product-type-simple"},"_links":{"self":[{"href":"https:\/\/www.finsdesiecles-artdeco.com\/fr\/wp-json\/wp\/v2\/product\/15666","targetHints":{"allow":["GET"]}}],"collection":[{"href":"https:\/\/www.finsdesiecles-artdeco.com\/fr\/wp-json\/wp\/v2\/product"}],"about":[{"href":"https:\/\/www.finsdesiecles-artdeco.com\/fr\/wp-json\/wp\/v2\/types\/product"}],"wp:featuredmedia":[{"embeddable":true,"href":"https:\/\/www.finsdesiecles-artdeco.com\/fr\/wp-json\/wp\/v2\/media\/15608"}],"wp:attachment":[{"href":"https:\/\/www.finsdesiecles-artdeco.com\/fr\/wp-json\/wp\/v2\/media?parent=15666"}],"wp:term":[{"taxonomy":"product_brand","embeddable":true,"href":"https:\/\/www.finsdesiecles-artdeco.com\/fr\/wp-json\/wp\/v2\/product_brand?post=15666"},{"taxonomy":"product_cat","embeddable":true,"href":"https:\/\/www.finsdesiecles-artdeco.com\/fr\/wp-json\/wp\/v2\/product_cat?post=15666"},{"taxonomy":"product_tag","embeddable":true,"href":"https:\/\/www.finsdesiecles-artdeco.com\/fr\/wp-json\/wp\/v2\/product_tag?post=15666"}],"curies":[{"name":"wp","href":"https:\/\/api.w.org\/{rel}","templated":true}]}}