{"id":16203,"date":"2022-11-19T10:39:26","date_gmt":"2022-11-19T10:39:26","guid":{"rendered":"https:\/\/www.finsdesiecles-artdeco.com\/product\/bench\/"},"modified":"2022-11-19T10:52:01","modified_gmt":"2022-11-19T10:52:01","slug":"banquette","status":"publish","type":"product","link":"https:\/\/www.finsdesiecles-artdeco.com\/fr\/product\/banquette\/","title":{"rendered":"Banquette en h\u00eatre massif\u00a0&#8211; France 1950"},"content":{"rendered":"<p>Banquette en h\u00eatre massif\u00a0&#8211; France, 1950<\/p>\n<p>&nbsp;<\/p>\n<p><strong>Dimensions<\/strong><\/p>\n<p><strong>cm<\/strong> 62 x 40 x 67 assise 43<\/p>\n<p><strong>inches<\/strong> 24.41 x 15.74 x 26.37 assise 16.92<\/p>\n","protected":false},"excerpt":{"rendered":"<p>Banquette en h\u00eatre massif et assise en contreplaqu\u00e9 ondul\u00e9, enti\u00e8rement d\u00e9montable, finition cir\u00e9e.<\/p>\n<p>Estampill\u00e9: Stella.<\/p>\n<p>France, 1950.<\/p>\n<p>&nbsp;<\/p>\n<p><strong>Dimensions<\/strong><\/p>\n<p><strong>cm<\/strong> 62 x 40 x 67 assise 43<\/p>\n<p><strong>inches<\/strong> 24.41 x 15.74 x 26.37 assise 16.92<\/p>\n","protected":false},"featured_media":16176,"template":"","meta":{"_editorskit_title_hidden":false,"_editorskit_reading_time":0,"_editorskit_is_block_options_detached":false,"_editorskit_block_options_position":"{}","inline_featured_image":false},"product_brand":[],"product_cat":[250,285],"product_tag":[],"class_list":{"0":"post-16203","1":"product","2":"type-product","3":"status-publish","4":"has-post-thumbnail","6":"product_cat-sieges","7":"product_cat-bancs-et-banquettes","9":"first","10":"instock","11":"shipping-taxable","12":"purchasable","13":"product-type-simple"},"_links":{"self":[{"href":"https:\/\/www.finsdesiecles-artdeco.com\/fr\/wp-json\/wp\/v2\/product\/16203","targetHints":{"allow":["GET"]}}],"collection":[{"href":"https:\/\/www.finsdesiecles-artdeco.com\/fr\/wp-json\/wp\/v2\/product"}],"about":[{"href":"https:\/\/www.finsdesiecles-artdeco.com\/fr\/wp-json\/wp\/v2\/types\/product"}],"wp:featuredmedia":[{"embeddable":true,"href":"https:\/\/www.finsdesiecles-artdeco.com\/fr\/wp-json\/wp\/v2\/media\/16176"}],"wp:attachment":[{"href":"https:\/\/www.finsdesiecles-artdeco.com\/fr\/wp-json\/wp\/v2\/media?parent=16203"}],"wp:term":[{"taxonomy":"product_brand","embeddable":true,"href":"https:\/\/www.finsdesiecles-artdeco.com\/fr\/wp-json\/wp\/v2\/product_brand?post=16203"},{"taxonomy":"product_cat","embeddable":true,"href":"https:\/\/www.finsdesiecles-artdeco.com\/fr\/wp-json\/wp\/v2\/product_cat?post=16203"},{"taxonomy":"product_tag","embeddable":true,"href":"https:\/\/www.finsdesiecles-artdeco.com\/fr\/wp-json\/wp\/v2\/product_tag?post=16203"}],"curies":[{"name":"wp","href":"https:\/\/api.w.org\/{rel}","templated":true}]}}