{"id":17175,"date":"2022-12-22T10:31:37","date_gmt":"2022-12-22T10:31:37","guid":{"rendered":"https:\/\/www.finsdesiecles-artdeco.com\/product\/bench-2\/"},"modified":"2022-12-22T12:20:58","modified_gmt":"2022-12-22T12:20:58","slug":"banquette-3","status":"publish","type":"product","link":"https:\/\/www.finsdesiecles-artdeco.com\/fr\/product\/banquette-3\/","title":{"rendered":"Banquette en lattes de teck massif &#8211; Italie 1960"},"content":{"rendered":"<p>Banquette en lattes de teck massif &#8211; Italie 1960<\/p>\n<p>&nbsp;<\/p>\n<p><strong>Dimensions<\/strong><\/p>\n<p><strong>cm<\/strong> 120 x 42 x 39<\/p>\n<p><strong>inches<\/strong> 47.24 x\u00a0 16.53 x 15.35<\/p>\n","protected":false},"excerpt":{"rendered":"<p>Banquette en lattes de teck massif, finitions en laiton. Vernis satin\u00e9 original. Tr\u00e8s belle qualit\u00e9.<\/p>\n<p>Italie vers 1960.<\/p>\n<p>&nbsp;<\/p>\n<p><strong>Dimensions<\/strong><\/p>\n<p><strong>cm<\/strong> 120 x 42 x 39<\/p>\n<p><strong>inches<\/strong> 47.24 x\u00a0 16.53 x 15.35<\/p>\n","protected":false},"featured_media":17154,"template":"","meta":{"_editorskit_title_hidden":false,"_editorskit_reading_time":0,"_editorskit_is_block_options_detached":false,"_editorskit_block_options_position":"{}","inline_featured_image":false},"product_brand":[],"product_cat":[250,285],"product_tag":[],"class_list":{"0":"post-17175","1":"product","2":"type-product","3":"status-publish","4":"has-post-thumbnail","6":"product_cat-sieges","7":"product_cat-bancs-et-banquettes","9":"first","10":"instock","11":"shipping-taxable","12":"purchasable","13":"product-type-simple"},"_links":{"self":[{"href":"https:\/\/www.finsdesiecles-artdeco.com\/fr\/wp-json\/wp\/v2\/product\/17175","targetHints":{"allow":["GET"]}}],"collection":[{"href":"https:\/\/www.finsdesiecles-artdeco.com\/fr\/wp-json\/wp\/v2\/product"}],"about":[{"href":"https:\/\/www.finsdesiecles-artdeco.com\/fr\/wp-json\/wp\/v2\/types\/product"}],"wp:featuredmedia":[{"embeddable":true,"href":"https:\/\/www.finsdesiecles-artdeco.com\/fr\/wp-json\/wp\/v2\/media\/17154"}],"wp:attachment":[{"href":"https:\/\/www.finsdesiecles-artdeco.com\/fr\/wp-json\/wp\/v2\/media?parent=17175"}],"wp:term":[{"taxonomy":"product_brand","embeddable":true,"href":"https:\/\/www.finsdesiecles-artdeco.com\/fr\/wp-json\/wp\/v2\/product_brand?post=17175"},{"taxonomy":"product_cat","embeddable":true,"href":"https:\/\/www.finsdesiecles-artdeco.com\/fr\/wp-json\/wp\/v2\/product_cat?post=17175"},{"taxonomy":"product_tag","embeddable":true,"href":"https:\/\/www.finsdesiecles-artdeco.com\/fr\/wp-json\/wp\/v2\/product_tag?post=17175"}],"curies":[{"name":"wp","href":"https:\/\/api.w.org\/{rel}","templated":true}]}}