{"id":17252,"date":"2022-12-22T15:31:50","date_gmt":"2022-12-22T15:31:50","guid":{"rendered":"https:\/\/www.finsdesiecles-artdeco.com\/product\/game-table\/"},"modified":"2022-12-22T16:06:29","modified_gmt":"2022-12-22T16:06:29","slug":"table-de-jeux","status":"publish","type":"product","link":"https:\/\/www.finsdesiecles-artdeco.com\/fr\/product\/table-de-jeux\/","title":{"rendered":"Table de jeux &#8211; France 1940"},"content":{"rendered":"<p>Table de jeux &#8211; France 1940<\/p>\n<p>&nbsp;<\/p>\n<p><strong>Dimensions<\/strong><\/p>\n<p><strong>cm<\/strong> <strong>ouverte<\/strong> 99 x 98 x 73\u00a0 <strong>ferm\u00e9e<\/strong> 99 x 49 x 76<\/p>\n<p><strong>inches ouverte<\/strong> 38.97 x 38.58 x 28.74\u00a0 <strong>ferm\u00e9e<\/strong> 38.97 x 19.29 x 29.92<\/p>\n","protected":false},"excerpt":{"rendered":"<p>Table de jeux \u00e0 plateau double \u00e0 abattant, placage d&rsquo;\u00e9rable et d&rsquo;\u00e9b\u00e8ne de Macassar \u00e0 l&rsquo;exterieur et d&rsquo;acajou \u00e0 l&rsquo;interieur. Vernis au tampon.<\/p>\n<p>France vers 1940.<\/p>\n<p>&nbsp;<\/p>\n<p><strong>Dimensions<\/strong><\/p>\n<p><strong>cm<\/strong> <strong>ouverte<\/strong> 99 x 98 x 73\u00a0 <strong>ferm\u00e9e<\/strong> 99 x 49 x 76<\/p>\n<p><strong>inches ouverte<\/strong> 38.97 x 38.58 x 28.74\u00a0 <strong>ferm\u00e9e<\/strong> 38.97 x 19.29 x 29.92<\/p>\n","protected":false},"featured_media":17216,"template":"","meta":{"_editorskit_title_hidden":false,"_editorskit_reading_time":0,"_editorskit_is_block_options_detached":false,"_editorskit_block_options_position":"{}","inline_featured_image":false},"product_brand":[],"product_cat":[256,336],"product_tag":[],"class_list":{"0":"post-17252","1":"product","2":"type-product","3":"status-publish","4":"has-post-thumbnail","6":"product_cat-tables","7":"product_cat-tables-a-jeux","9":"first","10":"instock","11":"shipping-taxable","12":"purchasable","13":"product-type-simple"},"_links":{"self":[{"href":"https:\/\/www.finsdesiecles-artdeco.com\/fr\/wp-json\/wp\/v2\/product\/17252","targetHints":{"allow":["GET"]}}],"collection":[{"href":"https:\/\/www.finsdesiecles-artdeco.com\/fr\/wp-json\/wp\/v2\/product"}],"about":[{"href":"https:\/\/www.finsdesiecles-artdeco.com\/fr\/wp-json\/wp\/v2\/types\/product"}],"wp:featuredmedia":[{"embeddable":true,"href":"https:\/\/www.finsdesiecles-artdeco.com\/fr\/wp-json\/wp\/v2\/media\/17216"}],"wp:attachment":[{"href":"https:\/\/www.finsdesiecles-artdeco.com\/fr\/wp-json\/wp\/v2\/media?parent=17252"}],"wp:term":[{"taxonomy":"product_brand","embeddable":true,"href":"https:\/\/www.finsdesiecles-artdeco.com\/fr\/wp-json\/wp\/v2\/product_brand?post=17252"},{"taxonomy":"product_cat","embeddable":true,"href":"https:\/\/www.finsdesiecles-artdeco.com\/fr\/wp-json\/wp\/v2\/product_cat?post=17252"},{"taxonomy":"product_tag","embeddable":true,"href":"https:\/\/www.finsdesiecles-artdeco.com\/fr\/wp-json\/wp\/v2\/product_tag?post=17252"}],"curies":[{"name":"wp","href":"https:\/\/api.w.org\/{rel}","templated":true}]}}