{"id":17429,"date":"2022-12-30T11:24:24","date_gmt":"2022-12-30T11:24:24","guid":{"rendered":"https:\/\/www.finsdesiecles-artdeco.com\/product\/side-table-2\/"},"modified":"2022-12-30T11:33:26","modified_gmt":"2022-12-30T11:33:26","slug":"gueridon-4","status":"publish","type":"product","link":"https:\/\/www.finsdesiecles-artdeco.com\/fr\/product\/gueridon-4\/","title":{"rendered":"Petite table d&rsquo;appoint &#8211; France 1960"},"content":{"rendered":"<p>Petite table d&rsquo;appoint &#8211; France 1960<\/p>\n<p>&nbsp;<\/p>\n<p><strong>Dimensions<\/strong><\/p>\n<p><strong>cm<\/strong> 60 x 60 x 60 x 46.5<\/p>\n<p><strong>inches<\/strong> 23.6 x 23.6 x 23.6 x 18.3<\/p>\n","protected":false},"excerpt":{"rendered":"<p>Petite table d&rsquo;appoint \u00e0 trois pieds en bois teint\u00e9 noir, plateau en bois agglom\u00e9r\u00e9 recouvert d&rsquo;une vitre d\u00e9cor\u00e9e de motifs noirs et dor\u00e9s. Finition du champ en mati\u00e8re plastique dor\u00e9.<br \/>\nFrance vers 1960<\/p>\n<p><strong>Dimensions<\/strong><\/p>\n<p><strong>cm<\/strong> 60 x 60 x 60 x 46.5<\/p>\n<p><strong>inches<\/strong> 23.6 x 23.6 x 23.6 x 18.3<\/p>\n<p>&nbsp;<\/p>\n","protected":false},"featured_media":17408,"template":"","meta":{"_editorskit_title_hidden":false,"_editorskit_reading_time":0,"_editorskit_is_block_options_detached":false,"_editorskit_block_options_position":"{}","inline_featured_image":false},"product_brand":[],"product_cat":[256,257],"product_tag":[],"class_list":{"0":"post-17429","1":"product","2":"type-product","3":"status-publish","4":"has-post-thumbnail","6":"product_cat-tables","7":"product_cat-gueridons","9":"first","10":"outofstock","11":"shipping-taxable","12":"product-type-simple"},"_links":{"self":[{"href":"https:\/\/www.finsdesiecles-artdeco.com\/fr\/wp-json\/wp\/v2\/product\/17429","targetHints":{"allow":["GET"]}}],"collection":[{"href":"https:\/\/www.finsdesiecles-artdeco.com\/fr\/wp-json\/wp\/v2\/product"}],"about":[{"href":"https:\/\/www.finsdesiecles-artdeco.com\/fr\/wp-json\/wp\/v2\/types\/product"}],"wp:featuredmedia":[{"embeddable":true,"href":"https:\/\/www.finsdesiecles-artdeco.com\/fr\/wp-json\/wp\/v2\/media\/17408"}],"wp:attachment":[{"href":"https:\/\/www.finsdesiecles-artdeco.com\/fr\/wp-json\/wp\/v2\/media?parent=17429"}],"wp:term":[{"taxonomy":"product_brand","embeddable":true,"href":"https:\/\/www.finsdesiecles-artdeco.com\/fr\/wp-json\/wp\/v2\/product_brand?post=17429"},{"taxonomy":"product_cat","embeddable":true,"href":"https:\/\/www.finsdesiecles-artdeco.com\/fr\/wp-json\/wp\/v2\/product_cat?post=17429"},{"taxonomy":"product_tag","embeddable":true,"href":"https:\/\/www.finsdesiecles-artdeco.com\/fr\/wp-json\/wp\/v2\/product_tag?post=17429"}],"curies":[{"name":"wp","href":"https:\/\/api.w.org\/{rel}","templated":true}]}}