{"id":17491,"date":"2022-12-30T16:32:24","date_gmt":"2022-12-30T16:32:24","guid":{"rendered":"https:\/\/www.finsdesiecles-artdeco.com\/product\/wall-mirror-italy-1960\/"},"modified":"2023-02-03T16:50:55","modified_gmt":"2023-02-03T16:50:55","slug":"miroir-6","status":"publish","type":"product","link":"https:\/\/www.finsdesiecles-artdeco.com\/fr\/product\/miroir-6\/","title":{"rendered":"Miroir &#8211; Italie 1960"},"content":{"rendered":"<p>Miroir &#8211; Italy 1960<\/p>\n<p>&nbsp;<\/p>\n<p><strong>Dimensions<\/strong><\/p>\n<p><strong>cm<\/strong>\u00a0 Diam 70 x 5<\/p>\n<p><strong>inches<\/strong> Diam 27.55 x 1.96<\/p>\n","protected":false},"excerpt":{"rendered":"<p>Miroir rond compos\u00e9 de trois glaces biseaut\u00e9es superpos\u00e9es, alternativement blanches et de couleur bronze. Traces d&rsquo;oxydation sur les bords.<\/p>\n<p>Italie vers 1960.<\/p>\n<p>&nbsp;<\/p>\n<p><strong>Dimensions<\/strong><\/p>\n<p><strong>cm<\/strong>\u00a0 Diam 70 x 5<\/p>\n<p><strong>inches<\/strong> Diam 27.55 x 1.96<\/p>\n","protected":false},"featured_media":17473,"template":"","meta":{"_editorskit_title_hidden":false,"_editorskit_reading_time":0,"_editorskit_is_block_options_detached":false,"_editorskit_block_options_position":"{}","inline_featured_image":false},"product_brand":[],"product_cat":[342,454],"product_tag":[],"class_list":{"0":"post-17491","1":"product","2":"type-product","3":"status-publish","4":"has-post-thumbnail","6":"product_cat-miroirs","7":"product_cat-miroirs-fr","9":"first","10":"instock","11":"shipping-taxable","12":"purchasable","13":"product-type-simple"},"_links":{"self":[{"href":"https:\/\/www.finsdesiecles-artdeco.com\/fr\/wp-json\/wp\/v2\/product\/17491","targetHints":{"allow":["GET"]}}],"collection":[{"href":"https:\/\/www.finsdesiecles-artdeco.com\/fr\/wp-json\/wp\/v2\/product"}],"about":[{"href":"https:\/\/www.finsdesiecles-artdeco.com\/fr\/wp-json\/wp\/v2\/types\/product"}],"wp:featuredmedia":[{"embeddable":true,"href":"https:\/\/www.finsdesiecles-artdeco.com\/fr\/wp-json\/wp\/v2\/media\/17473"}],"wp:attachment":[{"href":"https:\/\/www.finsdesiecles-artdeco.com\/fr\/wp-json\/wp\/v2\/media?parent=17491"}],"wp:term":[{"taxonomy":"product_brand","embeddable":true,"href":"https:\/\/www.finsdesiecles-artdeco.com\/fr\/wp-json\/wp\/v2\/product_brand?post=17491"},{"taxonomy":"product_cat","embeddable":true,"href":"https:\/\/www.finsdesiecles-artdeco.com\/fr\/wp-json\/wp\/v2\/product_cat?post=17491"},{"taxonomy":"product_tag","embeddable":true,"href":"https:\/\/www.finsdesiecles-artdeco.com\/fr\/wp-json\/wp\/v2\/product_tag?post=17491"}],"curies":[{"name":"wp","href":"https:\/\/api.w.org\/{rel}","templated":true}]}}