{"id":17597,"date":"2022-12-31T12:21:55","date_gmt":"2022-12-31T12:21:55","guid":{"rendered":"https:\/\/www.finsdesiecles-artdeco.com\/product\/dry-bar-3\/"},"modified":"2025-12-29T13:44:10","modified_gmt":"2025-12-29T13:44:10","slug":"meuble-bar-art-deco-france-1930","status":"publish","type":"product","link":"https:\/\/www.finsdesiecles-artdeco.com\/fr\/product\/meuble-bar-art-deco-france-1930\/","title":{"rendered":"Bout de canap\u00e9 Art D\u00e9co &#8211; France 1930"},"content":{"rendered":"<p>Bout de canap\u00e9 &#8211; France 1930<\/p>\n<p>&nbsp;<\/p>\n<p><strong>Dimensions<\/strong><\/p>\n<p><strong>cm<\/strong>\u00a0104 \/ 133 (opened) x 35 x 64 \/ 66 max<\/p>\n<p><strong>inches<\/strong>\u00a040.9 \/ 52.3 (opened) x 13.7 x 25.1 \/ 25.9 max<\/p>\n","protected":false},"excerpt":{"rendered":"<p>Bout de canap\u00e9 4 faces en bois massif plaqu\u00e9 de palissandre et \u00e9rable \u00e0 l&rsquo;interieur. Socle en h\u00eatre teint\u00e9 et moulure en \u00e9rable. 4 tiroirs d&rsquo;un c\u00f4t\u00e9 et bar coulissant en fa\u00e7ade ouvrant sur deux niveaux de rangement. Poign\u00e9es en aluminium et cuivre poli. Vernis au tampon.<br \/>\nFrance vers 1930<\/p>\n<p><strong>Dimensions<\/strong><\/p>\n<p><strong>cm<\/strong>\u00a0104 \/ 133 (opened) x 35 x 64 \/ 66 max<\/p>\n<p><strong>inches<\/strong>\u00a040.9 \/ 52.3 (opened) x 13.7 x 25.1 \/ 25.9 max<\/p>\n","protected":false},"featured_media":17548,"template":"","meta":{"_editorskit_title_hidden":false,"_editorskit_reading_time":0,"_editorskit_is_block_options_detached":false,"_editorskit_block_options_position":"{}","inline_featured_image":false},"product_brand":[],"product_cat":[276,318],"product_tag":[],"class_list":{"0":"post-17597","1":"product","2":"type-product","3":"status-publish","4":"has-post-thumbnail","6":"product_cat-auxiliaires","7":"product_cat-meubles-bar","9":"first","10":"instock","11":"shipping-taxable","12":"purchasable","13":"product-type-simple"},"_links":{"self":[{"href":"https:\/\/www.finsdesiecles-artdeco.com\/fr\/wp-json\/wp\/v2\/product\/17597","targetHints":{"allow":["GET"]}}],"collection":[{"href":"https:\/\/www.finsdesiecles-artdeco.com\/fr\/wp-json\/wp\/v2\/product"}],"about":[{"href":"https:\/\/www.finsdesiecles-artdeco.com\/fr\/wp-json\/wp\/v2\/types\/product"}],"wp:featuredmedia":[{"embeddable":true,"href":"https:\/\/www.finsdesiecles-artdeco.com\/fr\/wp-json\/wp\/v2\/media\/17548"}],"wp:attachment":[{"href":"https:\/\/www.finsdesiecles-artdeco.com\/fr\/wp-json\/wp\/v2\/media?parent=17597"}],"wp:term":[{"taxonomy":"product_brand","embeddable":true,"href":"https:\/\/www.finsdesiecles-artdeco.com\/fr\/wp-json\/wp\/v2\/product_brand?post=17597"},{"taxonomy":"product_cat","embeddable":true,"href":"https:\/\/www.finsdesiecles-artdeco.com\/fr\/wp-json\/wp\/v2\/product_cat?post=17597"},{"taxonomy":"product_tag","embeddable":true,"href":"https:\/\/www.finsdesiecles-artdeco.com\/fr\/wp-json\/wp\/v2\/product_tag?post=17597"}],"curies":[{"name":"wp","href":"https:\/\/api.w.org\/{rel}","templated":true}]}}