{"id":17934,"date":"2023-01-12T11:30:16","date_gmt":"2023-01-12T11:30:16","guid":{"rendered":"https:\/\/www.finsdesiecles-artdeco.com\/product\/chandelier\/"},"modified":"2023-01-12T15:43:19","modified_gmt":"2023-01-12T15:43:19","slug":"lustre","status":"publish","type":"product","link":"https:\/\/www.finsdesiecles-artdeco.com\/fr\/product\/lustre\/","title":{"rendered":"Suspension &#8211; Barcelone 1930"},"content":{"rendered":"<p>Suspension &#8211; Barcelone 1930<\/p>\n<p>&nbsp;<\/p>\n<p><strong>Dimensions<\/strong><\/p>\n<p><strong>cm<\/strong> Diam 30 x 88<\/p>\n<p><strong>inches<\/strong> Diam 11.8 x 34.64<\/p>\n","protected":false},"excerpt":{"rendered":"<p>Suspension en m\u00e9tal nickel\u00e9 et opaline bleue totalement d&rsquo;origine, patine du m\u00e9tal et couleur de l&rsquo;opaline splendides.<\/p>\n<p>Espagne, Barcelone vers 1930<\/p>\n<p>&nbsp;<\/p>\n<p><strong>Dimensions<\/strong><\/p>\n<p><strong>cm<\/strong> Diam 30 x 88<\/p>\n<p><strong>inches<\/strong> Diam 11.8 x 34.64<\/p>\n","protected":false},"featured_media":17922,"template":"","meta":{"_editorskit_title_hidden":false,"_editorskit_reading_time":0,"_editorskit_is_block_options_detached":false,"_editorskit_block_options_position":"{}","inline_featured_image":false},"product_brand":[],"product_cat":[264,327],"product_tag":[],"class_list":{"0":"post-17934","1":"product","2":"type-product","3":"status-publish","4":"has-post-thumbnail","6":"product_cat-luminaires","7":"product_cat-lustres","9":"first","10":"instock","11":"shipping-taxable","12":"purchasable","13":"product-type-simple"},"_links":{"self":[{"href":"https:\/\/www.finsdesiecles-artdeco.com\/fr\/wp-json\/wp\/v2\/product\/17934","targetHints":{"allow":["GET"]}}],"collection":[{"href":"https:\/\/www.finsdesiecles-artdeco.com\/fr\/wp-json\/wp\/v2\/product"}],"about":[{"href":"https:\/\/www.finsdesiecles-artdeco.com\/fr\/wp-json\/wp\/v2\/types\/product"}],"wp:featuredmedia":[{"embeddable":true,"href":"https:\/\/www.finsdesiecles-artdeco.com\/fr\/wp-json\/wp\/v2\/media\/17922"}],"wp:attachment":[{"href":"https:\/\/www.finsdesiecles-artdeco.com\/fr\/wp-json\/wp\/v2\/media?parent=17934"}],"wp:term":[{"taxonomy":"product_brand","embeddable":true,"href":"https:\/\/www.finsdesiecles-artdeco.com\/fr\/wp-json\/wp\/v2\/product_brand?post=17934"},{"taxonomy":"product_cat","embeddable":true,"href":"https:\/\/www.finsdesiecles-artdeco.com\/fr\/wp-json\/wp\/v2\/product_cat?post=17934"},{"taxonomy":"product_tag","embeddable":true,"href":"https:\/\/www.finsdesiecles-artdeco.com\/fr\/wp-json\/wp\/v2\/product_tag?post=17934"}],"curies":[{"name":"wp","href":"https:\/\/api.w.org\/{rel}","templated":true}]}}