{"id":18898,"date":"2023-02-02T11:17:04","date_gmt":"2023-02-02T11:17:04","guid":{"rendered":"https:\/\/www.finsdesiecles-artdeco.com\/product\/table-lamp-4\/"},"modified":"2023-06-01T15:34:08","modified_gmt":"2023-06-01T15:34:08","slug":"lampe-de-table-5","status":"publish","type":"product","link":"https:\/\/www.finsdesiecles-artdeco.com\/fr\/product\/lampe-de-table-5\/","title":{"rendered":"Petite lampe de table de Stilux Milano &#8211; Italie 1950"},"content":{"rendered":"<p>Petite lampe de table de Stilux Milano &#8211; Italie 1950<\/p>\n<p>&nbsp;<\/p>\n<p><strong>Dimensions<\/strong><\/p>\n<p><strong>cm<\/strong> Diam 23 x 34<\/p>\n<p><strong>inches<\/strong> Diam 9.05 x 13.38<\/p>\n","protected":false},"excerpt":{"rendered":"<p>Petite lampe de table: base en palissandre massif et acier laqu\u00e9 couleur bordeaux, f\u00fbt et cape en aluminium laqu\u00e9, abat-jour orientable. D\u00e9tails en laiton poli. Deux ampoules.<\/p>\n<p>Fabricant: Stilux Milano.<\/p>\n<p>Italie vers 1950.<\/p>\n<p><strong>Dimensions<\/strong><\/p>\n<p><strong>cm<\/strong> Diam 23 x 34<\/p>\n<p><strong>inches<\/strong> Diam 9.05 x 13.38<\/p>\n","protected":false},"featured_media":18870,"template":"","meta":{"_editorskit_title_hidden":false,"_editorskit_reading_time":0,"_editorskit_is_block_options_detached":false,"_editorskit_block_options_position":"{}","inline_featured_image":false},"product_brand":[],"product_cat":[264,333],"product_tag":[],"class_list":{"0":"post-18898","1":"product","2":"type-product","3":"status-publish","4":"has-post-thumbnail","6":"product_cat-luminaires","7":"product_cat-lampes-de-table","9":"first","10":"instock","11":"shipping-taxable","12":"purchasable","13":"product-type-simple"},"_links":{"self":[{"href":"https:\/\/www.finsdesiecles-artdeco.com\/fr\/wp-json\/wp\/v2\/product\/18898","targetHints":{"allow":["GET"]}}],"collection":[{"href":"https:\/\/www.finsdesiecles-artdeco.com\/fr\/wp-json\/wp\/v2\/product"}],"about":[{"href":"https:\/\/www.finsdesiecles-artdeco.com\/fr\/wp-json\/wp\/v2\/types\/product"}],"wp:featuredmedia":[{"embeddable":true,"href":"https:\/\/www.finsdesiecles-artdeco.com\/fr\/wp-json\/wp\/v2\/media\/18870"}],"wp:attachment":[{"href":"https:\/\/www.finsdesiecles-artdeco.com\/fr\/wp-json\/wp\/v2\/media?parent=18898"}],"wp:term":[{"taxonomy":"product_brand","embeddable":true,"href":"https:\/\/www.finsdesiecles-artdeco.com\/fr\/wp-json\/wp\/v2\/product_brand?post=18898"},{"taxonomy":"product_cat","embeddable":true,"href":"https:\/\/www.finsdesiecles-artdeco.com\/fr\/wp-json\/wp\/v2\/product_cat?post=18898"},{"taxonomy":"product_tag","embeddable":true,"href":"https:\/\/www.finsdesiecles-artdeco.com\/fr\/wp-json\/wp\/v2\/product_tag?post=18898"}],"curies":[{"name":"wp","href":"https:\/\/api.w.org\/{rel}","templated":true}]}}