{"id":18991,"date":"2023-02-02T12:35:17","date_gmt":"2023-02-02T12:35:17","guid":{"rendered":"https:\/\/www.finsdesiecles-artdeco.com\/product\/table-lamps-12\/"},"modified":"2023-02-02T15:16:59","modified_gmt":"2023-02-02T15:16:59","slug":"lampes-de-table-11","status":"publish","type":"product","link":"https:\/\/www.finsdesiecles-artdeco.com\/fr\/product\/lampes-de-table-11\/","title":{"rendered":"Paire de lampes Mazda &#8211; France 1950"},"content":{"rendered":"<p>Paire de lampes Mazda\u00a0&#8211; France 1950<\/p>\n<p>&nbsp;<\/p>\n<p><strong>Dimensions<\/strong><\/p>\n<p><strong>cm<\/strong> Diam 42 x 65<\/p>\n<p><strong>inches<\/strong> Diam 16.53 x 25.59<\/p>\n","protected":false},"excerpt":{"rendered":"<p>Paire de lampes Mazda \u00e0 syst\u00e8me de variateur d&rsquo;\u00e9clairage. Acier noir, t\u00f4le laqu\u00e9e gris, d\u00e9tails en laiton et aluminium, abat-jours refaits \u00e0 neuf en carton noir.<\/p>\n<p>France, d\u00e9but des annees 50.<\/p>\n<p>&nbsp;<\/p>\n<p><strong>Dimensions<\/strong><\/p>\n<p><strong>cm<\/strong> Diam 42 x 65<\/p>\n<p><strong>inches<\/strong> Diam 16.53 x 25.59<\/p>\n","protected":false},"featured_media":18955,"template":"","meta":{"_editorskit_title_hidden":false,"_editorskit_reading_time":0,"_editorskit_is_block_options_detached":false,"_editorskit_block_options_position":"{}","inline_featured_image":false},"product_brand":[],"product_cat":[264,333],"product_tag":[],"class_list":{"0":"post-18991","1":"product","2":"type-product","3":"status-publish","4":"has-post-thumbnail","6":"product_cat-luminaires","7":"product_cat-lampes-de-table","9":"first","10":"instock","11":"shipping-taxable","12":"purchasable","13":"product-type-simple"},"_links":{"self":[{"href":"https:\/\/www.finsdesiecles-artdeco.com\/fr\/wp-json\/wp\/v2\/product\/18991","targetHints":{"allow":["GET"]}}],"collection":[{"href":"https:\/\/www.finsdesiecles-artdeco.com\/fr\/wp-json\/wp\/v2\/product"}],"about":[{"href":"https:\/\/www.finsdesiecles-artdeco.com\/fr\/wp-json\/wp\/v2\/types\/product"}],"wp:featuredmedia":[{"embeddable":true,"href":"https:\/\/www.finsdesiecles-artdeco.com\/fr\/wp-json\/wp\/v2\/media\/18955"}],"wp:attachment":[{"href":"https:\/\/www.finsdesiecles-artdeco.com\/fr\/wp-json\/wp\/v2\/media?parent=18991"}],"wp:term":[{"taxonomy":"product_brand","embeddable":true,"href":"https:\/\/www.finsdesiecles-artdeco.com\/fr\/wp-json\/wp\/v2\/product_brand?post=18991"},{"taxonomy":"product_cat","embeddable":true,"href":"https:\/\/www.finsdesiecles-artdeco.com\/fr\/wp-json\/wp\/v2\/product_cat?post=18991"},{"taxonomy":"product_tag","embeddable":true,"href":"https:\/\/www.finsdesiecles-artdeco.com\/fr\/wp-json\/wp\/v2\/product_tag?post=18991"}],"curies":[{"name":"wp","href":"https:\/\/api.w.org\/{rel}","templated":true}]}}