{"id":19127,"date":"2023-02-04T12:10:32","date_gmt":"2023-02-04T12:10:32","guid":{"rendered":"https:\/\/www.finsdesiecles-artdeco.com\/product\/wall-light-murano-late-20th-century\/"},"modified":"2023-02-04T12:18:20","modified_gmt":"2023-02-04T12:18:20","slug":"applique-3","status":"publish","type":"product","link":"https:\/\/www.finsdesiecles-artdeco.com\/fr\/product\/applique-3\/","title":{"rendered":"Applique murale \u2013 Murano, fin du 20\u00e8me"},"content":{"rendered":"<p>Applique murale \u2013 Murano, fin du 20\u00e8me.<\/p>\n<p>&nbsp;<\/p>\n<p><strong>Dimensions<\/strong><\/p>\n<p><strong>cm <\/strong>60 x 23 x 90<\/p>\n<p><strong>inches <\/strong>23.62 x 9.05 x 35.43<\/p>\n<p>&nbsp;<\/p>\n","protected":false},"excerpt":{"rendered":"<p>Applique murale en acier dor\u00e9 et p\u00e2te de verre \u00e0 13 points de lumi\u00e8re (7 ampoules conventionnelles et 6 mini halog\u00e8nes).<\/p>\n<p>Murano, Italie, fin du 20\u00e8me si\u00e8cle.<\/p>\n<p>Diverses appliques assorties d&rsquo;autres tailles disponibles.<\/p>\n<p>&nbsp;<\/p>\n<p><strong>Dimensions<\/strong><\/p>\n<p><strong>cm <\/strong>60 x 23 x 90<\/p>\n<p><strong>inches <\/strong>23.62 x 9.05 x 35.43<\/p>\n","protected":false},"featured_media":19109,"template":"","meta":{"_editorskit_title_hidden":false,"_editorskit_reading_time":0,"_editorskit_is_block_options_detached":false,"_editorskit_block_options_position":"{}","inline_featured_image":false},"product_brand":[],"product_cat":[264,354],"product_tag":[],"class_list":{"0":"post-19127","1":"product","2":"type-product","3":"status-publish","4":"has-post-thumbnail","6":"product_cat-luminaires","7":"product_cat-appliques","9":"first","10":"instock","11":"shipping-taxable","12":"purchasable","13":"product-type-simple"},"_links":{"self":[{"href":"https:\/\/www.finsdesiecles-artdeco.com\/fr\/wp-json\/wp\/v2\/product\/19127","targetHints":{"allow":["GET"]}}],"collection":[{"href":"https:\/\/www.finsdesiecles-artdeco.com\/fr\/wp-json\/wp\/v2\/product"}],"about":[{"href":"https:\/\/www.finsdesiecles-artdeco.com\/fr\/wp-json\/wp\/v2\/types\/product"}],"wp:featuredmedia":[{"embeddable":true,"href":"https:\/\/www.finsdesiecles-artdeco.com\/fr\/wp-json\/wp\/v2\/media\/19109"}],"wp:attachment":[{"href":"https:\/\/www.finsdesiecles-artdeco.com\/fr\/wp-json\/wp\/v2\/media?parent=19127"}],"wp:term":[{"taxonomy":"product_brand","embeddable":true,"href":"https:\/\/www.finsdesiecles-artdeco.com\/fr\/wp-json\/wp\/v2\/product_brand?post=19127"},{"taxonomy":"product_cat","embeddable":true,"href":"https:\/\/www.finsdesiecles-artdeco.com\/fr\/wp-json\/wp\/v2\/product_cat?post=19127"},{"taxonomy":"product_tag","embeddable":true,"href":"https:\/\/www.finsdesiecles-artdeco.com\/fr\/wp-json\/wp\/v2\/product_tag?post=19127"}],"curies":[{"name":"wp","href":"https:\/\/api.w.org\/{rel}","templated":true}]}}