{"id":20695,"date":"2023-03-23T15:51:30","date_gmt":"2023-03-23T15:51:30","guid":{"rendered":"https:\/\/www.finsdesiecles-artdeco.com\/product\/cellar-set-italy-1950\/"},"modified":"2023-07-20T08:44:36","modified_gmt":"2023-07-20T08:44:36","slug":"ensemble-caviste","status":"publish","type":"product","link":"https:\/\/www.finsdesiecles-artdeco.com\/fr\/product\/ensemble-caviste\/","title":{"rendered":"Ensemble de \u00ab\u00a0caviste\u00a0\u00bb &#8211; Italie 1950"},"content":{"rendered":"<p>Ensemble de \u00ab\u00a0caviste\u00a0\u00bb &#8211; Italie 1950<\/p>\n<p>&nbsp;<\/p>\n<p><strong>Dimensions<\/strong><\/p>\n<p><strong>cm<\/strong> Diam 50 x 65 ; Diam 28 x 45<br \/>\n<strong>inches<\/strong> Diam 19.69 x 25.59 ; Diam 11.02 x 17.72<\/p>\n","protected":false},"excerpt":{"rendered":"<p>Ensemble de \u00ab\u00a0caviste\u00a0\u00bb en acajou teint\u00e9 fonc\u00e9 avec cerclages et clous en laiton: table ronde et quatre tabourets fa\u00e7on tonneau.<\/p>\n<p>Italie vers 1950<\/p>\n<p>&nbsp;<\/p>\n<p><strong>Dimensions<\/strong><\/p>\n<p><strong>cm<\/strong> Diam 50 x 65 ; Diam 28 x 45<br \/>\n<strong>inches<\/strong> Diam 19.69 x 25.59 ; Diam 11.02 x 17.72<\/p>\n","protected":false},"featured_media":20668,"template":"","meta":{"_editorskit_title_hidden":false,"_editorskit_reading_time":0,"_editorskit_is_block_options_detached":false,"_editorskit_block_options_position":"{}","inline_featured_image":false},"product_brand":[],"product_cat":[686],"product_tag":[],"class_list":{"0":"post-20695","1":"product","2":"type-product","3":"status-publish","4":"has-post-thumbnail","6":"product_cat-divers","8":"first","9":"instock","10":"shipping-taxable","11":"purchasable","12":"product-type-simple"},"_links":{"self":[{"href":"https:\/\/www.finsdesiecles-artdeco.com\/fr\/wp-json\/wp\/v2\/product\/20695","targetHints":{"allow":["GET"]}}],"collection":[{"href":"https:\/\/www.finsdesiecles-artdeco.com\/fr\/wp-json\/wp\/v2\/product"}],"about":[{"href":"https:\/\/www.finsdesiecles-artdeco.com\/fr\/wp-json\/wp\/v2\/types\/product"}],"wp:featuredmedia":[{"embeddable":true,"href":"https:\/\/www.finsdesiecles-artdeco.com\/fr\/wp-json\/wp\/v2\/media\/20668"}],"wp:attachment":[{"href":"https:\/\/www.finsdesiecles-artdeco.com\/fr\/wp-json\/wp\/v2\/media?parent=20695"}],"wp:term":[{"taxonomy":"product_brand","embeddable":true,"href":"https:\/\/www.finsdesiecles-artdeco.com\/fr\/wp-json\/wp\/v2\/product_brand?post=20695"},{"taxonomy":"product_cat","embeddable":true,"href":"https:\/\/www.finsdesiecles-artdeco.com\/fr\/wp-json\/wp\/v2\/product_cat?post=20695"},{"taxonomy":"product_tag","embeddable":true,"href":"https:\/\/www.finsdesiecles-artdeco.com\/fr\/wp-json\/wp\/v2\/product_tag?post=20695"}],"curies":[{"name":"wp","href":"https:\/\/api.w.org\/{rel}","templated":true}]}}