{"id":20724,"date":"2023-03-23T16:41:04","date_gmt":"2023-03-23T16:41:04","guid":{"rendered":"https:\/\/www.finsdesiecles-artdeco.com\/product\/coffee-table-4\/"},"modified":"2023-03-23T16:44:46","modified_gmt":"2023-03-23T16:44:46","slug":"table-basse-5","status":"publish","type":"product","link":"https:\/\/www.finsdesiecles-artdeco.com\/fr\/product\/table-basse-5\/","title":{"rendered":"Table basse &#8211; France 1950-60"},"content":{"rendered":"<p>Table basse &#8211; France 1950-60<\/p>\n<p>&nbsp;<\/p>\n<p><strong>Dimensions<\/strong><\/p>\n<p><strong>cm<\/strong> 96 x 45 x 39<\/p>\n<p><strong>inches<\/strong> 37.79 x 17.71 x 15.35<\/p>\n","protected":false},"excerpt":{"rendered":"<p>Table basse \u00e0 structure en acier noirci, tablette inf\u00e9rieure en verre, plateau en verre \u00e9pais partiellement grav\u00e9 et miroit\u00e9 de couleur bleu cobalt. Cabochons de fixation en laiton poli.<\/p>\n<p>France vers 1950-60.<\/p>\n<p>&nbsp;<\/p>\n<p><strong>Dimensions<\/strong><\/p>\n<p><strong>cm<\/strong> 96 x 45 x 39<\/p>\n<p><strong>inches<\/strong> 37.79 x 17.71 x 15.35<\/p>\n<p>&nbsp;<\/p>\n","protected":false},"featured_media":20703,"template":"","meta":{"_editorskit_title_hidden":false,"_editorskit_reading_time":0,"_editorskit_is_block_options_detached":false,"_editorskit_block_options_position":"{}","inline_featured_image":false},"product_brand":[],"product_cat":[256,291],"product_tag":[],"class_list":{"0":"post-20724","1":"product","2":"type-product","3":"status-publish","4":"has-post-thumbnail","6":"product_cat-tables","7":"product_cat-tables-basses","9":"first","10":"instock","11":"shipping-taxable","12":"purchasable","13":"product-type-simple"},"_links":{"self":[{"href":"https:\/\/www.finsdesiecles-artdeco.com\/fr\/wp-json\/wp\/v2\/product\/20724","targetHints":{"allow":["GET"]}}],"collection":[{"href":"https:\/\/www.finsdesiecles-artdeco.com\/fr\/wp-json\/wp\/v2\/product"}],"about":[{"href":"https:\/\/www.finsdesiecles-artdeco.com\/fr\/wp-json\/wp\/v2\/types\/product"}],"wp:featuredmedia":[{"embeddable":true,"href":"https:\/\/www.finsdesiecles-artdeco.com\/fr\/wp-json\/wp\/v2\/media\/20703"}],"wp:attachment":[{"href":"https:\/\/www.finsdesiecles-artdeco.com\/fr\/wp-json\/wp\/v2\/media?parent=20724"}],"wp:term":[{"taxonomy":"product_brand","embeddable":true,"href":"https:\/\/www.finsdesiecles-artdeco.com\/fr\/wp-json\/wp\/v2\/product_brand?post=20724"},{"taxonomy":"product_cat","embeddable":true,"href":"https:\/\/www.finsdesiecles-artdeco.com\/fr\/wp-json\/wp\/v2\/product_cat?post=20724"},{"taxonomy":"product_tag","embeddable":true,"href":"https:\/\/www.finsdesiecles-artdeco.com\/fr\/wp-json\/wp\/v2\/product_tag?post=20724"}],"curies":[{"name":"wp","href":"https:\/\/api.w.org\/{rel}","templated":true}]}}