{"id":20854,"date":"2023-03-30T09:55:48","date_gmt":"2023-03-30T09:55:48","guid":{"rendered":"https:\/\/www.finsdesiecles-artdeco.com\/product\/coffee-table-5\/"},"modified":"2023-03-30T09:58:40","modified_gmt":"2023-03-30T09:58:40","slug":"table-basse-6","status":"publish","type":"product","link":"https:\/\/www.finsdesiecles-artdeco.com\/fr\/product\/table-basse-6\/","title":{"rendered":"Table basse &#8211; France 1970"},"content":{"rendered":"<p>Table basse &#8211; France 1970<\/p>\n<p>&nbsp;<\/p>\n<p><strong>Dimensions<\/strong><\/p>\n<p><strong>cm<\/strong> 100 x 39,5 x 45<\/p>\n<p><strong>inches<\/strong> 39.37 x\u00a0 15.55 x 17.71<\/p>\n","protected":false},"excerpt":{"rendered":"<p>Table basse \u00e0 pi\u00e8tement en acier patin\u00e9, plateau en marqueterie d&rsquo;ardoises \u00e9paisses mont\u00e9 dans un cadre en acier.<\/p>\n<p>France vers 1970.<\/p>\n<p>&nbsp;<\/p>\n<p><strong>Dimensions<\/strong><\/p>\n<p><strong>cm<\/strong> 100 x 39,5 x 45<\/p>\n<p><strong>inches<\/strong> 39.37 x\u00a0 15.55 x 17.71<\/p>\n","protected":false},"featured_media":20830,"template":"","meta":{"_editorskit_title_hidden":false,"_editorskit_reading_time":0,"_editorskit_is_block_options_detached":false,"_editorskit_block_options_position":"{}","inline_featured_image":false},"product_brand":[],"product_cat":[256,291],"product_tag":[],"class_list":{"0":"post-20854","1":"product","2":"type-product","3":"status-publish","4":"has-post-thumbnail","6":"product_cat-tables","7":"product_cat-tables-basses","9":"first","10":"instock","11":"shipping-taxable","12":"purchasable","13":"product-type-simple"},"_links":{"self":[{"href":"https:\/\/www.finsdesiecles-artdeco.com\/fr\/wp-json\/wp\/v2\/product\/20854","targetHints":{"allow":["GET"]}}],"collection":[{"href":"https:\/\/www.finsdesiecles-artdeco.com\/fr\/wp-json\/wp\/v2\/product"}],"about":[{"href":"https:\/\/www.finsdesiecles-artdeco.com\/fr\/wp-json\/wp\/v2\/types\/product"}],"wp:featuredmedia":[{"embeddable":true,"href":"https:\/\/www.finsdesiecles-artdeco.com\/fr\/wp-json\/wp\/v2\/media\/20830"}],"wp:attachment":[{"href":"https:\/\/www.finsdesiecles-artdeco.com\/fr\/wp-json\/wp\/v2\/media?parent=20854"}],"wp:term":[{"taxonomy":"product_brand","embeddable":true,"href":"https:\/\/www.finsdesiecles-artdeco.com\/fr\/wp-json\/wp\/v2\/product_brand?post=20854"},{"taxonomy":"product_cat","embeddable":true,"href":"https:\/\/www.finsdesiecles-artdeco.com\/fr\/wp-json\/wp\/v2\/product_cat?post=20854"},{"taxonomy":"product_tag","embeddable":true,"href":"https:\/\/www.finsdesiecles-artdeco.com\/fr\/wp-json\/wp\/v2\/product_tag?post=20854"}],"curies":[{"name":"wp","href":"https:\/\/api.w.org\/{rel}","templated":true}]}}