{"id":21194,"date":"2023-04-04T10:06:08","date_gmt":"2023-04-04T10:06:08","guid":{"rendered":"https:\/\/www.finsdesiecles-artdeco.com\/product\/chandelier-4\/"},"modified":"2023-04-04T10:18:42","modified_gmt":"2023-04-04T10:18:42","slug":"lustre-5","status":"publish","type":"product","link":"https:\/\/www.finsdesiecles-artdeco.com\/fr\/product\/lustre-5\/","title":{"rendered":"Lustre Art D\u00e9co &#8211; France 1930"},"content":{"rendered":"<p>Lustre Art D\u00e9co &#8211; France 1930<\/p>\n<p>&nbsp;<\/p>\n<p><strong>Dimensions<\/strong><\/p>\n<p><strong>cm<\/strong> Diam 42 x 67<\/p>\n<p><strong>inches<\/strong> Diam 16.53 x 26.37<\/p>\n","protected":false},"excerpt":{"rendered":"<p>Lustre Art D\u00e9co \u00e0 monture en bronze et deux vasques en verre press\u00e9 \u00e9pais \u00e0 d\u00e9cor de pommes de pin. Deux points de lumi\u00e8re.<\/p>\n<p>France vers 1930<\/p>\n<p>&nbsp;<\/p>\n<p><strong>Dimensions<\/strong><\/p>\n<p><strong>cm<\/strong> Diam 42 x 67<\/p>\n<p><strong>inches<\/strong> Diam 16.53 x 26.37<\/p>\n","protected":false},"featured_media":21173,"template":"","meta":{"_editorskit_title_hidden":false,"_editorskit_reading_time":0,"_editorskit_is_block_options_detached":false,"_editorskit_block_options_position":"{}","inline_featured_image":false},"product_brand":[],"product_cat":[327,264],"product_tag":[],"class_list":{"0":"post-21194","1":"product","2":"type-product","3":"status-publish","4":"has-post-thumbnail","6":"product_cat-lustres","7":"product_cat-luminaires","9":"first","10":"outofstock","11":"shipping-taxable","12":"product-type-simple"},"_links":{"self":[{"href":"https:\/\/www.finsdesiecles-artdeco.com\/fr\/wp-json\/wp\/v2\/product\/21194","targetHints":{"allow":["GET"]}}],"collection":[{"href":"https:\/\/www.finsdesiecles-artdeco.com\/fr\/wp-json\/wp\/v2\/product"}],"about":[{"href":"https:\/\/www.finsdesiecles-artdeco.com\/fr\/wp-json\/wp\/v2\/types\/product"}],"wp:featuredmedia":[{"embeddable":true,"href":"https:\/\/www.finsdesiecles-artdeco.com\/fr\/wp-json\/wp\/v2\/media\/21173"}],"wp:attachment":[{"href":"https:\/\/www.finsdesiecles-artdeco.com\/fr\/wp-json\/wp\/v2\/media?parent=21194"}],"wp:term":[{"taxonomy":"product_brand","embeddable":true,"href":"https:\/\/www.finsdesiecles-artdeco.com\/fr\/wp-json\/wp\/v2\/product_brand?post=21194"},{"taxonomy":"product_cat","embeddable":true,"href":"https:\/\/www.finsdesiecles-artdeco.com\/fr\/wp-json\/wp\/v2\/product_cat?post=21194"},{"taxonomy":"product_tag","embeddable":true,"href":"https:\/\/www.finsdesiecles-artdeco.com\/fr\/wp-json\/wp\/v2\/product_tag?post=21194"}],"curies":[{"name":"wp","href":"https:\/\/api.w.org\/{rel}","templated":true}]}}