{"id":21475,"date":"2023-04-14T09:56:59","date_gmt":"2023-04-14T09:56:59","guid":{"rendered":"https:\/\/www.finsdesiecles-artdeco.com\/product\/chandelier-6\/"},"modified":"2023-04-14T10:14:52","modified_gmt":"2023-04-14T10:14:52","slug":"lustre-7","status":"publish","type":"product","link":"https:\/\/www.finsdesiecles-artdeco.com\/fr\/product\/lustre-7\/","title":{"rendered":"Grande suspension &#8211; Barcelone 1950"},"content":{"rendered":"<p>Grande suspension &#8211; Barcelone 1950<\/p>\n<p>&nbsp;<\/p>\n<p><strong>Dimensions<\/strong><\/p>\n<p><strong>cm<\/strong> Diam 38 x 100<\/p>\n<p><strong>inches<\/strong> Diam 14.96 x 39.37<\/p>\n","protected":false},"excerpt":{"rendered":"<p>Grande suspension \u00e0 monture en \u00e9tain torsad\u00e9 et globe en verre de tr\u00e8s forte \u00e9paisseur travaill\u00e9 \u00e0 l&rsquo;acide. Travail de tr\u00e8s grande qualit\u00e9.<\/p>\n<p>Espagne, Barcelone, vers 1950.<\/p>\n<p>&nbsp;<\/p>\n<p><strong>Dimensions<\/strong><\/p>\n<p><strong>cm<\/strong> Diam 38 x 100<\/p>\n<p><strong>inches<\/strong> Diam 14.96 x 39.37<\/p>\n","protected":false},"featured_media":21454,"template":"","meta":{"_editorskit_title_hidden":false,"_editorskit_reading_time":0,"_editorskit_is_block_options_detached":false,"_editorskit_block_options_position":"{}","inline_featured_image":false},"product_brand":[],"product_cat":[264,327],"product_tag":[],"class_list":{"0":"post-21475","1":"product","2":"type-product","3":"status-publish","4":"has-post-thumbnail","6":"product_cat-luminaires","7":"product_cat-lustres","9":"first","10":"instock","11":"shipping-taxable","12":"purchasable","13":"product-type-simple"},"_links":{"self":[{"href":"https:\/\/www.finsdesiecles-artdeco.com\/fr\/wp-json\/wp\/v2\/product\/21475","targetHints":{"allow":["GET"]}}],"collection":[{"href":"https:\/\/www.finsdesiecles-artdeco.com\/fr\/wp-json\/wp\/v2\/product"}],"about":[{"href":"https:\/\/www.finsdesiecles-artdeco.com\/fr\/wp-json\/wp\/v2\/types\/product"}],"wp:featuredmedia":[{"embeddable":true,"href":"https:\/\/www.finsdesiecles-artdeco.com\/fr\/wp-json\/wp\/v2\/media\/21454"}],"wp:attachment":[{"href":"https:\/\/www.finsdesiecles-artdeco.com\/fr\/wp-json\/wp\/v2\/media?parent=21475"}],"wp:term":[{"taxonomy":"product_brand","embeddable":true,"href":"https:\/\/www.finsdesiecles-artdeco.com\/fr\/wp-json\/wp\/v2\/product_brand?post=21475"},{"taxonomy":"product_cat","embeddable":true,"href":"https:\/\/www.finsdesiecles-artdeco.com\/fr\/wp-json\/wp\/v2\/product_cat?post=21475"},{"taxonomy":"product_tag","embeddable":true,"href":"https:\/\/www.finsdesiecles-artdeco.com\/fr\/wp-json\/wp\/v2\/product_tag?post=21475"}],"curies":[{"name":"wp","href":"https:\/\/api.w.org\/{rel}","templated":true}]}}