{"id":21950,"date":"2023-05-05T11:08:23","date_gmt":"2023-05-05T11:08:23","guid":{"rendered":"https:\/\/www.finsdesiecles-artdeco.com\/product\/console\/"},"modified":"2023-07-18T16:15:38","modified_gmt":"2023-07-18T16:15:38","slug":"console","status":"publish","type":"product","link":"https:\/\/www.finsdesiecles-artdeco.com\/fr\/product\/console\/","title":{"rendered":"Console &#8211; Italie 1950"},"content":{"rendered":"<p>Console &#8211; Italie 1950<\/p>\n<p>&nbsp;<\/p>\n<p><strong>Dimensions<\/strong><\/p>\n<p><strong>cm<\/strong> 113,5 x 34 x 83,5<\/p>\n<p><strong>inches<\/strong> 44.68 x 13.38 x 32.87<\/p>\n","protected":false},"excerpt":{"rendered":"<p>Console \u00e0 entretoise en laiton massif poli, tablette en verre. Enti\u00e8rement d\u00e9montable. Grande qualit\u00e9 de fabrication.<br \/>\nItalie vers 1950.<\/p>\n<p>&nbsp;<\/p>\n<p><strong>Dimensions<\/strong><\/p>\n<p><strong>cm<\/strong> 113,5 x 34 x 83,5<\/p>\n<p><strong>inches<\/strong> 44.68 x 13.38 x 32.87<\/p>\n","protected":false},"featured_media":21932,"template":"","meta":{"_editorskit_title_hidden":false,"_editorskit_reading_time":0,"_editorskit_is_block_options_detached":false,"_editorskit_block_options_position":"{}","inline_featured_image":false},"product_brand":[],"product_cat":[276,256,696,324],"product_tag":[],"class_list":{"0":"post-21950","1":"product","2":"type-product","3":"status-publish","4":"has-post-thumbnail","6":"product_cat-auxiliaires","7":"product_cat-tables","8":"product_cat-console-fr","9":"product_cat-consoles","11":"first","12":"instock","13":"shipping-taxable","14":"purchasable","15":"product-type-simple"},"_links":{"self":[{"href":"https:\/\/www.finsdesiecles-artdeco.com\/fr\/wp-json\/wp\/v2\/product\/21950","targetHints":{"allow":["GET"]}}],"collection":[{"href":"https:\/\/www.finsdesiecles-artdeco.com\/fr\/wp-json\/wp\/v2\/product"}],"about":[{"href":"https:\/\/www.finsdesiecles-artdeco.com\/fr\/wp-json\/wp\/v2\/types\/product"}],"wp:featuredmedia":[{"embeddable":true,"href":"https:\/\/www.finsdesiecles-artdeco.com\/fr\/wp-json\/wp\/v2\/media\/21932"}],"wp:attachment":[{"href":"https:\/\/www.finsdesiecles-artdeco.com\/fr\/wp-json\/wp\/v2\/media?parent=21950"}],"wp:term":[{"taxonomy":"product_brand","embeddable":true,"href":"https:\/\/www.finsdesiecles-artdeco.com\/fr\/wp-json\/wp\/v2\/product_brand?post=21950"},{"taxonomy":"product_cat","embeddable":true,"href":"https:\/\/www.finsdesiecles-artdeco.com\/fr\/wp-json\/wp\/v2\/product_cat?post=21950"},{"taxonomy":"product_tag","embeddable":true,"href":"https:\/\/www.finsdesiecles-artdeco.com\/fr\/wp-json\/wp\/v2\/product_tag?post=21950"}],"curies":[{"name":"wp","href":"https:\/\/api.w.org\/{rel}","templated":true}]}}