{"id":22017,"date":"2023-05-05T15:10:49","date_gmt":"2023-05-05T15:10:49","guid":{"rendered":"https:\/\/www.finsdesiecles-artdeco.com\/product\/bench-3\/"},"modified":"2023-07-18T16:18:27","modified_gmt":"2023-07-18T16:18:27","slug":"banquette-4","status":"publish","type":"product","link":"https:\/\/www.finsdesiecles-artdeco.com\/fr\/product\/banquette-4\/","title":{"rendered":"Petite banquette &#8211; Italie, d\u00e9but des ann\u00e9es 50"},"content":{"rendered":"<p>Petite banquette &#8211; Italie, d\u00e9but des ann\u00e9es 50<\/p>\n<p>&nbsp;<\/p>\n<p><strong>Dimensions<\/strong><\/p>\n<p><strong>cm\u00a0<\/strong>95 x 44 x 76 assise 47<\/p>\n<p><strong>inches\u00a0<\/strong>37.4 x 17.32 x 29.92 assise 18.5<\/p>\n","protected":false},"excerpt":{"rendered":"<p>Petite banquette \u00e0 dossier et quatre longs pieds en \u00e9rable masif verni \u00e0 la gomme-laque. Garnissage et tapisserie refaits \u00e0 neuf en tissu chenill\u00e9 gr\u00e8ge.<br \/>\nItalie, d\u00e9but des ann\u00e9es 50.<\/p>\n<p>&nbsp;<\/p>\n<p><strong>Dimensions<\/strong><\/p>\n<p><strong>cm\u00a0<\/strong>95 x 44 x 76 assise 47<\/p>\n<p><strong>inches\u00a0<\/strong>37.4 x 17.32 x 29.92 assise 18.5<\/p>\n","protected":false},"featured_media":21993,"template":"","meta":{"_editorskit_title_hidden":false,"_editorskit_reading_time":0,"_editorskit_is_block_options_detached":false,"_editorskit_block_options_position":"{}","inline_featured_image":false},"product_brand":[],"product_cat":[250,285],"product_tag":[],"class_list":{"0":"post-22017","1":"product","2":"type-product","3":"status-publish","4":"has-post-thumbnail","6":"product_cat-sieges","7":"product_cat-bancs-et-banquettes","9":"first","10":"instock","11":"shipping-taxable","12":"purchasable","13":"product-type-simple"},"_links":{"self":[{"href":"https:\/\/www.finsdesiecles-artdeco.com\/fr\/wp-json\/wp\/v2\/product\/22017","targetHints":{"allow":["GET"]}}],"collection":[{"href":"https:\/\/www.finsdesiecles-artdeco.com\/fr\/wp-json\/wp\/v2\/product"}],"about":[{"href":"https:\/\/www.finsdesiecles-artdeco.com\/fr\/wp-json\/wp\/v2\/types\/product"}],"wp:featuredmedia":[{"embeddable":true,"href":"https:\/\/www.finsdesiecles-artdeco.com\/fr\/wp-json\/wp\/v2\/media\/21993"}],"wp:attachment":[{"href":"https:\/\/www.finsdesiecles-artdeco.com\/fr\/wp-json\/wp\/v2\/media?parent=22017"}],"wp:term":[{"taxonomy":"product_brand","embeddable":true,"href":"https:\/\/www.finsdesiecles-artdeco.com\/fr\/wp-json\/wp\/v2\/product_brand?post=22017"},{"taxonomy":"product_cat","embeddable":true,"href":"https:\/\/www.finsdesiecles-artdeco.com\/fr\/wp-json\/wp\/v2\/product_cat?post=22017"},{"taxonomy":"product_tag","embeddable":true,"href":"https:\/\/www.finsdesiecles-artdeco.com\/fr\/wp-json\/wp\/v2\/product_tag?post=22017"}],"curies":[{"name":"wp","href":"https:\/\/api.w.org\/{rel}","templated":true}]}}