{"id":22175,"date":"2023-05-11T09:49:24","date_gmt":"2023-05-11T09:49:24","guid":{"rendered":"https:\/\/www.finsdesiecles-artdeco.com\/product\/pair-of-nightstands-italy-1940-2\/"},"modified":"2023-05-11T09:52:21","modified_gmt":"2023-05-11T09:52:21","slug":"paire-de-chevets","status":"publish","type":"product","link":"https:\/\/www.finsdesiecles-artdeco.com\/fr\/product\/paire-de-chevets\/","title":{"rendered":"Paire de chevets &#8211; Italie 1940"},"content":{"rendered":"<p>Paire de chevets &#8211; Italie 1940<\/p>\n<p>&nbsp;<\/p>\n<p><strong>Dimensions<\/strong><\/p>\n<p><strong>cm<\/strong> 53 x 35 x 64<\/p>\n<p><strong>inches<\/strong> 20.86 x 13.77 x 26.19<\/p>\n","protected":false},"excerpt":{"rendered":"<p>Paire de chevets en h\u00eatre noirci, placage de palissandre, filets en citronnier, poign\u00e9es et sabots en laiton nickel\u00e9, int\u00e9rieur en sapelli. Dessus en verre argent\u00e9 et filets dor\u00e9s. Verni au tampon.<\/p>\n<p>Italie vers 1940.<\/p>\n<p>&nbsp;<\/p>\n<p><strong>Dimensions<\/strong><\/p>\n<p><strong>cm<\/strong> 53 x 35 x 64<\/p>\n<p><strong>inches<\/strong> 20.86 x 13.77 x 26.19<\/p>\n","protected":false},"featured_media":22133,"template":"","meta":{"_editorskit_title_hidden":false,"_editorskit_reading_time":0,"_editorskit_is_block_options_detached":false,"_editorskit_block_options_position":"{}","inline_featured_image":false},"product_brand":[],"product_cat":[256,415,270,312],"product_tag":[],"class_list":{"0":"post-22175","1":"product","2":"type-product","3":"status-publish","4":"has-post-thumbnail","6":"product_cat-tables","7":"product_cat-meubles-de-rangement","8":"product_cat-chambres-a-coucher","9":"product_cat-tables-de-nuit","11":"first","12":"instock","13":"shipping-taxable","14":"purchasable","15":"product-type-simple"},"_links":{"self":[{"href":"https:\/\/www.finsdesiecles-artdeco.com\/fr\/wp-json\/wp\/v2\/product\/22175","targetHints":{"allow":["GET"]}}],"collection":[{"href":"https:\/\/www.finsdesiecles-artdeco.com\/fr\/wp-json\/wp\/v2\/product"}],"about":[{"href":"https:\/\/www.finsdesiecles-artdeco.com\/fr\/wp-json\/wp\/v2\/types\/product"}],"wp:featuredmedia":[{"embeddable":true,"href":"https:\/\/www.finsdesiecles-artdeco.com\/fr\/wp-json\/wp\/v2\/media\/22133"}],"wp:attachment":[{"href":"https:\/\/www.finsdesiecles-artdeco.com\/fr\/wp-json\/wp\/v2\/media?parent=22175"}],"wp:term":[{"taxonomy":"product_brand","embeddable":true,"href":"https:\/\/www.finsdesiecles-artdeco.com\/fr\/wp-json\/wp\/v2\/product_brand?post=22175"},{"taxonomy":"product_cat","embeddable":true,"href":"https:\/\/www.finsdesiecles-artdeco.com\/fr\/wp-json\/wp\/v2\/product_cat?post=22175"},{"taxonomy":"product_tag","embeddable":true,"href":"https:\/\/www.finsdesiecles-artdeco.com\/fr\/wp-json\/wp\/v2\/product_tag?post=22175"}],"curies":[{"name":"wp","href":"https:\/\/api.w.org\/{rel}","templated":true}]}}