{"id":22272,"date":"2023-05-12T11:48:33","date_gmt":"2023-05-12T11:48:33","guid":{"rendered":"https:\/\/www.finsdesiecles-artdeco.com\/product\/stilnovo-standing-lamp-italy-1950\/"},"modified":"2023-05-12T11:51:32","modified_gmt":"2023-05-12T11:51:32","slug":"lampadaire-4","status":"publish","type":"product","link":"https:\/\/www.finsdesiecles-artdeco.com\/fr\/product\/lampadaire-4\/","title":{"rendered":"Lampadaire Stilnovo \u2013 Italie 1950"},"content":{"rendered":"<p>Lampadaire Stilnovo \u2013 Italie 1950<\/p>\n<p>&nbsp;<\/p>\n<p><strong>Dimensions<\/strong><\/p>\n<p><strong>cm<\/strong> Diam 28 x 163<\/p>\n<p><strong>inches<\/strong> Diam 11.02 x 64.17<\/p>\n","protected":false},"excerpt":{"rendered":"<p>Lampadaire Stilnovo, socle rond en laiton nickel\u00e9 et ch\u00eane, interrupteur original, long f\u00fbt terminant par une forme ovale allong\u00e9e, moiti\u00e9 en laiton nickel\u00e9, moiti\u00e9 en verre opalin.<\/p>\n<p>Italie vers 1950.<\/p>\n<p>&nbsp;<\/p>\n<p><strong>Dimensions<\/strong><\/p>\n<p><strong>cm<\/strong> Diam 28 x 163<\/p>\n<p><strong>inches<\/strong> Diam 11.02 x 64.17<\/p>\n","protected":false},"featured_media":22254,"template":"","meta":{"_editorskit_title_hidden":false,"_editorskit_reading_time":0,"_editorskit_is_block_options_detached":false,"_editorskit_block_options_position":"{}","inline_featured_image":false},"product_brand":[],"product_cat":[264,330],"product_tag":[],"class_list":{"0":"post-22272","1":"product","2":"type-product","3":"status-publish","4":"has-post-thumbnail","6":"product_cat-luminaires","7":"product_cat-lampadaires","9":"first","10":"instock","11":"shipping-taxable","12":"purchasable","13":"product-type-simple"},"_links":{"self":[{"href":"https:\/\/www.finsdesiecles-artdeco.com\/fr\/wp-json\/wp\/v2\/product\/22272","targetHints":{"allow":["GET"]}}],"collection":[{"href":"https:\/\/www.finsdesiecles-artdeco.com\/fr\/wp-json\/wp\/v2\/product"}],"about":[{"href":"https:\/\/www.finsdesiecles-artdeco.com\/fr\/wp-json\/wp\/v2\/types\/product"}],"wp:featuredmedia":[{"embeddable":true,"href":"https:\/\/www.finsdesiecles-artdeco.com\/fr\/wp-json\/wp\/v2\/media\/22254"}],"wp:attachment":[{"href":"https:\/\/www.finsdesiecles-artdeco.com\/fr\/wp-json\/wp\/v2\/media?parent=22272"}],"wp:term":[{"taxonomy":"product_brand","embeddable":true,"href":"https:\/\/www.finsdesiecles-artdeco.com\/fr\/wp-json\/wp\/v2\/product_brand?post=22272"},{"taxonomy":"product_cat","embeddable":true,"href":"https:\/\/www.finsdesiecles-artdeco.com\/fr\/wp-json\/wp\/v2\/product_cat?post=22272"},{"taxonomy":"product_tag","embeddable":true,"href":"https:\/\/www.finsdesiecles-artdeco.com\/fr\/wp-json\/wp\/v2\/product_tag?post=22272"}],"curies":[{"name":"wp","href":"https:\/\/api.w.org\/{rel}","templated":true}]}}