{"id":22634,"date":"2023-05-26T10:11:37","date_gmt":"2023-05-26T10:11:37","guid":{"rendered":"https:\/\/www.finsdesiecles-artdeco.com\/product\/ceramic-by-knorlein-for-goldscheider-austria-1930\/"},"modified":"2023-05-26T11:03:04","modified_gmt":"2023-05-26T11:03:04","slug":"ceramique","status":"publish","type":"product","link":"https:\/\/www.finsdesiecles-artdeco.com\/fr\/product\/ceramique\/","title":{"rendered":"C\u00e9ramique de Kn\u00f6rlein pour Goldscheider &#8211; Autriche 1930"},"content":{"rendered":"<p><strong>Rudolf Knorlein<\/strong> (Autriche 1902 \u2013 1988)<\/p>\n<p>Sculpteur et c\u00e9ramiste qui travaille pour la Wiener Werkstatte, Gmundner Keramik et Goldscheider. Il est c\u00e9l\u00e8bre pour ses couleurs et ses \u00e9maux qui jouent un r\u00f4le important dans la conception de la gamme ouest-allemande Goldscheider. Pour cette entreprise, il con\u00e7oit des masques muraux.<\/p>\n<p>La manufacture de porcelaine Goldscheider a \u00e9t\u00e9 fond\u00e9e en 1885 par Friedrich Goldscheider \u00e0 Vienne. En peu de temps, Goldscheider a acquis une large reconnaissance internationale ainsi que des prix notables, s\u2019imposant comme une entreprise de c\u00e9ramique de premier plan, d&rsquo;abord \u00e0 Vienne et bient\u00f4t dans toute l&rsquo;Europe.<\/p>\n","protected":false},"excerpt":{"rendered":"<p>C\u00e9ramique \u00e9maill\u00e9e \u00ab\u00a0Femme aux cheveux boucl\u00e9s\u00a0\u00bb.<br \/>\nDesigner : Rudolf Kn\u00f6rlein.<br \/>\nFabricant:\u00a0 Goldscheider.<\/p>\n<p>Autriche, Vienne, vers 1930.<\/p>\n<p>&nbsp;<\/p>\n<p><strong>Dimensions<\/strong><\/p>\n<p><strong>cm<\/strong>\u00a0 20 x 23 x 33<\/p>\n<p><strong>inches<\/strong>\u00a0 7.87 x 9.05 x 12.99<\/p>\n<p>&nbsp;<\/p>\n","protected":false},"featured_media":22601,"template":"","meta":{"_editorskit_title_hidden":false,"_editorskit_reading_time":0,"_editorskit_is_block_options_detached":false,"_editorskit_block_options_position":"{}","inline_featured_image":false},"product_brand":[],"product_cat":[267,462],"product_tag":[],"class_list":{"0":"post-22634","1":"product","2":"type-product","3":"status-publish","4":"has-post-thumbnail","6":"product_cat-objets-et-accessoires","7":"product_cat-ceramiques","9":"first","10":"instock","11":"shipping-taxable","12":"purchasable","13":"product-type-simple"},"_links":{"self":[{"href":"https:\/\/www.finsdesiecles-artdeco.com\/fr\/wp-json\/wp\/v2\/product\/22634","targetHints":{"allow":["GET"]}}],"collection":[{"href":"https:\/\/www.finsdesiecles-artdeco.com\/fr\/wp-json\/wp\/v2\/product"}],"about":[{"href":"https:\/\/www.finsdesiecles-artdeco.com\/fr\/wp-json\/wp\/v2\/types\/product"}],"wp:featuredmedia":[{"embeddable":true,"href":"https:\/\/www.finsdesiecles-artdeco.com\/fr\/wp-json\/wp\/v2\/media\/22601"}],"wp:attachment":[{"href":"https:\/\/www.finsdesiecles-artdeco.com\/fr\/wp-json\/wp\/v2\/media?parent=22634"}],"wp:term":[{"taxonomy":"product_brand","embeddable":true,"href":"https:\/\/www.finsdesiecles-artdeco.com\/fr\/wp-json\/wp\/v2\/product_brand?post=22634"},{"taxonomy":"product_cat","embeddable":true,"href":"https:\/\/www.finsdesiecles-artdeco.com\/fr\/wp-json\/wp\/v2\/product_cat?post=22634"},{"taxonomy":"product_tag","embeddable":true,"href":"https:\/\/www.finsdesiecles-artdeco.com\/fr\/wp-json\/wp\/v2\/product_tag?post=22634"}],"curies":[{"name":"wp","href":"https:\/\/api.w.org\/{rel}","templated":true}]}}