{"id":22662,"date":"2023-05-27T09:38:16","date_gmt":"2023-05-27T09:38:16","guid":{"rendered":"https:\/\/www.finsdesiecles-artdeco.com\/product\/art-deco-tripod-stand-italy-1930\/"},"modified":"2023-05-27T09:42:04","modified_gmt":"2023-05-27T09:42:04","slug":"sellette-tripode","status":"publish","type":"product","link":"https:\/\/www.finsdesiecles-artdeco.com\/fr\/product\/sellette-tripode\/","title":{"rendered":"Sellette tripode Art D\u00e9co &#8211; Italie 1930"},"content":{"rendered":"<p>Sellette tripode Art D\u00e9co &#8211; Italie 1930<\/p>\n<p>&nbsp;<\/p>\n<p><strong>Dimensions<\/strong><\/p>\n<p><strong>cm<\/strong>\u00a0 Diam 27 x 105<\/p>\n<p><strong>inches<\/strong>\u00a0 Diam 10.62 x 41.33<\/p>\n","protected":false},"excerpt":{"rendered":"<p>Sellette tripode Art D\u00e9co en bois laqu\u00e9 noir \u00e0 motif de tridents, laiton nickel\u00e9 et pi\u00e8tement en corde.<\/p>\n<p>Italie vers 1930.<\/p>\n<p>&nbsp;<\/p>\n<p><strong>Dimensions<\/strong><\/p>\n<p><strong>cm<\/strong>\u00a0 Diam 27 x 105<\/p>\n<p><strong>inches<\/strong>\u00a0 Diam 10.62 x 41.33<\/p>\n","protected":false},"featured_media":22644,"template":"","meta":{"_editorskit_title_hidden":false,"_editorskit_reading_time":0,"_editorskit_is_block_options_detached":false,"_editorskit_block_options_position":"{}","inline_featured_image":false},"product_brand":[],"product_cat":[686],"product_tag":[],"class_list":{"0":"post-22662","1":"product","2":"type-product","3":"status-publish","4":"has-post-thumbnail","6":"product_cat-divers","8":"first","9":"instock","10":"shipping-taxable","11":"purchasable","12":"product-type-simple"},"_links":{"self":[{"href":"https:\/\/www.finsdesiecles-artdeco.com\/fr\/wp-json\/wp\/v2\/product\/22662","targetHints":{"allow":["GET"]}}],"collection":[{"href":"https:\/\/www.finsdesiecles-artdeco.com\/fr\/wp-json\/wp\/v2\/product"}],"about":[{"href":"https:\/\/www.finsdesiecles-artdeco.com\/fr\/wp-json\/wp\/v2\/types\/product"}],"wp:featuredmedia":[{"embeddable":true,"href":"https:\/\/www.finsdesiecles-artdeco.com\/fr\/wp-json\/wp\/v2\/media\/22644"}],"wp:attachment":[{"href":"https:\/\/www.finsdesiecles-artdeco.com\/fr\/wp-json\/wp\/v2\/media?parent=22662"}],"wp:term":[{"taxonomy":"product_brand","embeddable":true,"href":"https:\/\/www.finsdesiecles-artdeco.com\/fr\/wp-json\/wp\/v2\/product_brand?post=22662"},{"taxonomy":"product_cat","embeddable":true,"href":"https:\/\/www.finsdesiecles-artdeco.com\/fr\/wp-json\/wp\/v2\/product_cat?post=22662"},{"taxonomy":"product_tag","embeddable":true,"href":"https:\/\/www.finsdesiecles-artdeco.com\/fr\/wp-json\/wp\/v2\/product_tag?post=22662"}],"curies":[{"name":"wp","href":"https:\/\/api.w.org\/{rel}","templated":true}]}}