{"id":22824,"date":"2023-06-02T09:56:06","date_gmt":"2023-06-02T09:56:06","guid":{"rendered":"https:\/\/www.finsdesiecles-artdeco.com\/product\/table-lamp-8\/"},"modified":"2023-07-18T16:31:51","modified_gmt":"2023-07-18T16:31:51","slug":"lampe-de-table-9","status":"publish","type":"product","link":"https:\/\/www.finsdesiecles-artdeco.com\/fr\/product\/lampe-de-table-9\/","title":{"rendered":"Grande lampe de table de Stilux Milano &#8211; Italie 1960"},"content":{"rendered":"<p>Grande lampe de table de Stilux Milano &#8211; Italie 1960<\/p>\n<p>&nbsp;<\/p>\n<p><strong>Dimensions<\/strong><\/p>\n<p><strong>cm<\/strong> 63 x 50 x 50<\/p>\n<p><strong>inches<\/strong> 24.8 x 19.68 x 19.68<\/p>\n<p>&nbsp;<\/p>\n","protected":false},"excerpt":{"rendered":"<p>Grande lampe de table \u00e0 base ronde en marbre blanc, bras articul\u00e9 en acier et laiton nickel\u00e9 et laqu\u00e9 noir, r\u00e9flecteurs en plexiglas blanc et violet translucide. Deux ampoules.<\/p>\n<p>Fabricant: Stilux Milano.<\/p>\n<p>Italie vers 1960<\/p>\n<p>&nbsp;<\/p>\n<p><strong>Dimensions<\/strong><\/p>\n<p><strong>cm<\/strong> 63 x 50 x 50<\/p>\n<p><strong>inches<\/strong> 24.8 x 19.68 x 19.68<\/p>\n<p>&nbsp;<\/p>\n","protected":false},"featured_media":22803,"template":"","meta":{"_editorskit_title_hidden":false,"_editorskit_reading_time":0,"_editorskit_is_block_options_detached":false,"_editorskit_block_options_position":"{}","inline_featured_image":false},"product_brand":[],"product_cat":[264,333],"product_tag":[],"class_list":{"0":"post-22824","1":"product","2":"type-product","3":"status-publish","4":"has-post-thumbnail","6":"product_cat-luminaires","7":"product_cat-lampes-de-table","9":"first","10":"instock","11":"shipping-taxable","12":"purchasable","13":"product-type-simple"},"_links":{"self":[{"href":"https:\/\/www.finsdesiecles-artdeco.com\/fr\/wp-json\/wp\/v2\/product\/22824","targetHints":{"allow":["GET"]}}],"collection":[{"href":"https:\/\/www.finsdesiecles-artdeco.com\/fr\/wp-json\/wp\/v2\/product"}],"about":[{"href":"https:\/\/www.finsdesiecles-artdeco.com\/fr\/wp-json\/wp\/v2\/types\/product"}],"wp:featuredmedia":[{"embeddable":true,"href":"https:\/\/www.finsdesiecles-artdeco.com\/fr\/wp-json\/wp\/v2\/media\/22803"}],"wp:attachment":[{"href":"https:\/\/www.finsdesiecles-artdeco.com\/fr\/wp-json\/wp\/v2\/media?parent=22824"}],"wp:term":[{"taxonomy":"product_brand","embeddable":true,"href":"https:\/\/www.finsdesiecles-artdeco.com\/fr\/wp-json\/wp\/v2\/product_brand?post=22824"},{"taxonomy":"product_cat","embeddable":true,"href":"https:\/\/www.finsdesiecles-artdeco.com\/fr\/wp-json\/wp\/v2\/product_cat?post=22824"},{"taxonomy":"product_tag","embeddable":true,"href":"https:\/\/www.finsdesiecles-artdeco.com\/fr\/wp-json\/wp\/v2\/product_tag?post=22824"}],"curies":[{"name":"wp","href":"https:\/\/api.w.org\/{rel}","templated":true}]}}