{"id":22975,"date":"2023-06-03T09:44:44","date_gmt":"2023-06-03T09:44:44","guid":{"rendered":"https:\/\/www.finsdesiecles-artdeco.com\/product\/chandelier-8\/"},"modified":"2023-06-03T09:59:48","modified_gmt":"2023-06-03T09:59:48","slug":"lustre-9","status":"publish","type":"product","link":"https:\/\/www.finsdesiecles-artdeco.com\/fr\/product\/lustre-9\/","title":{"rendered":"Lustre-lanterne &#8211; Italie 1950-60"},"content":{"rendered":"<p>Lustre-lanterne &#8211; Italie 1950-60<\/p>\n<p>&nbsp;<\/p>\n<p><strong>Dimensions<\/strong><\/p>\n<p><strong>cm<\/strong> Diam 45 x 90<\/p>\n<p><strong>inches<\/strong> Diam 17.71 x 35.43<\/p>\n","protected":false},"excerpt":{"rendered":"<p>Lustre-lanterne \u00e0 12 plaques de verre courb\u00e9es de couleur vert p\u00e2le et blanc-gris fum\u00e9; axe central, plateau sup\u00e9rieur et syst\u00e8me de montage \u00e9lectrique en m\u00e9tal nickel\u00e9 (10 ampoules). Tr\u00e8s grande qualit\u00e9.<\/p>\n<p>Italie vers 1950-60.<\/p>\n<p><strong>Dimensions<\/strong><\/p>\n<p><strong>cm<\/strong> Diam 45 x 90<\/p>\n<p><strong>inches<\/strong> Diam 17.71 x 35.43<\/p>\n<p>&nbsp;<\/p>\n","protected":false},"featured_media":22963,"template":"","meta":{"_editorskit_title_hidden":false,"_editorskit_reading_time":0,"_editorskit_is_block_options_detached":false,"_editorskit_block_options_position":"{}","inline_featured_image":false},"product_brand":[],"product_cat":[264,327],"product_tag":[],"class_list":{"0":"post-22975","1":"product","2":"type-product","3":"status-publish","4":"has-post-thumbnail","6":"product_cat-luminaires","7":"product_cat-lustres","9":"first","10":"instock","11":"shipping-taxable","12":"purchasable","13":"product-type-simple"},"_links":{"self":[{"href":"https:\/\/www.finsdesiecles-artdeco.com\/fr\/wp-json\/wp\/v2\/product\/22975","targetHints":{"allow":["GET"]}}],"collection":[{"href":"https:\/\/www.finsdesiecles-artdeco.com\/fr\/wp-json\/wp\/v2\/product"}],"about":[{"href":"https:\/\/www.finsdesiecles-artdeco.com\/fr\/wp-json\/wp\/v2\/types\/product"}],"wp:featuredmedia":[{"embeddable":true,"href":"https:\/\/www.finsdesiecles-artdeco.com\/fr\/wp-json\/wp\/v2\/media\/22963"}],"wp:attachment":[{"href":"https:\/\/www.finsdesiecles-artdeco.com\/fr\/wp-json\/wp\/v2\/media?parent=22975"}],"wp:term":[{"taxonomy":"product_brand","embeddable":true,"href":"https:\/\/www.finsdesiecles-artdeco.com\/fr\/wp-json\/wp\/v2\/product_brand?post=22975"},{"taxonomy":"product_cat","embeddable":true,"href":"https:\/\/www.finsdesiecles-artdeco.com\/fr\/wp-json\/wp\/v2\/product_cat?post=22975"},{"taxonomy":"product_tag","embeddable":true,"href":"https:\/\/www.finsdesiecles-artdeco.com\/fr\/wp-json\/wp\/v2\/product_tag?post=22975"}],"curies":[{"name":"wp","href":"https:\/\/api.w.org\/{rel}","templated":true}]}}