{"id":23196,"date":"2023-06-09T14:48:46","date_gmt":"2023-06-09T14:48:46","guid":{"rendered":"https:\/\/www.finsdesiecles-artdeco.com\/product\/bar-cart\/"},"modified":"2023-06-09T14:53:13","modified_gmt":"2023-06-09T14:53:13","slug":"desserte-3","status":"publish","type":"product","link":"https:\/\/www.finsdesiecles-artdeco.com\/fr\/product\/desserte-3\/","title":{"rendered":"Desserte en cerisier par Cesare Lacca &#8211; Italie 1950"},"content":{"rendered":"<p>Desserte en cerisier par Cesare Lacca &#8211; Italie 1950<\/p>\n<p>&nbsp;<\/p>\n<p><strong>Dimensions<\/strong><\/p>\n<p><strong>cm<\/strong> 80 x 48 x 63<\/p>\n<p><strong>inches<\/strong> 31.49 x 18.89 x 24.8<\/p>\n","protected":false},"excerpt":{"rendered":"<p>Desserte en cerisier massif et verre, plateau amovible, porte bouteilles au niveau inf\u00e9rieur, roulettes et finitions en laiton. Vernis polyur\u00e9thane original en bon \u00e9tat.<br \/>\nDesign: Cesare Lacca<\/p>\n<p>Italie vers 1950<\/p>\n<p>&nbsp;<\/p>\n<p><strong>Dimensions<\/strong><\/p>\n<p><strong>cm<\/strong> 80 x 48 x 63<\/p>\n<p><strong>inches<\/strong> 31.49 x 18.89 x 24.8<\/p>\n","protected":false},"featured_media":23168,"template":"","meta":{"_editorskit_title_hidden":false,"_editorskit_reading_time":0,"_editorskit_is_block_options_detached":false,"_editorskit_block_options_position":"{}","inline_featured_image":false},"product_brand":[],"product_cat":[276,321],"product_tag":[],"class_list":{"0":"post-23196","1":"product","2":"type-product","3":"status-publish","4":"has-post-thumbnail","6":"product_cat-auxiliaires","7":"product_cat-dessertes","9":"first","10":"instock","11":"shipping-taxable","12":"purchasable","13":"product-type-simple"},"_links":{"self":[{"href":"https:\/\/www.finsdesiecles-artdeco.com\/fr\/wp-json\/wp\/v2\/product\/23196","targetHints":{"allow":["GET"]}}],"collection":[{"href":"https:\/\/www.finsdesiecles-artdeco.com\/fr\/wp-json\/wp\/v2\/product"}],"about":[{"href":"https:\/\/www.finsdesiecles-artdeco.com\/fr\/wp-json\/wp\/v2\/types\/product"}],"wp:featuredmedia":[{"embeddable":true,"href":"https:\/\/www.finsdesiecles-artdeco.com\/fr\/wp-json\/wp\/v2\/media\/23168"}],"wp:attachment":[{"href":"https:\/\/www.finsdesiecles-artdeco.com\/fr\/wp-json\/wp\/v2\/media?parent=23196"}],"wp:term":[{"taxonomy":"product_brand","embeddable":true,"href":"https:\/\/www.finsdesiecles-artdeco.com\/fr\/wp-json\/wp\/v2\/product_brand?post=23196"},{"taxonomy":"product_cat","embeddable":true,"href":"https:\/\/www.finsdesiecles-artdeco.com\/fr\/wp-json\/wp\/v2\/product_cat?post=23196"},{"taxonomy":"product_tag","embeddable":true,"href":"https:\/\/www.finsdesiecles-artdeco.com\/fr\/wp-json\/wp\/v2\/product_tag?post=23196"}],"curies":[{"name":"wp","href":"https:\/\/api.w.org\/{rel}","templated":true}]}}