{"id":23613,"date":"2023-06-29T16:01:34","date_gmt":"2023-06-29T16:01:34","guid":{"rendered":"https:\/\/www.finsdesiecles-artdeco.com\/product\/art-deco-vase-belgium-1925\/"},"modified":"2023-06-29T16:07:30","modified_gmt":"2023-06-29T16:07:30","slug":"art-deco-vase-belgium-1925","status":"publish","type":"product","link":"https:\/\/www.finsdesiecles-artdeco.com\/fr\/product\/art-deco-vase-belgium-1925\/","title":{"rendered":"Vase Art D\u00e9co &#8211; Belgique 1925"},"content":{"rendered":"<p>Vase Art D\u00e9co &#8211; Belgique 1925<\/p>\n<p>&nbsp;<\/p>\n<p><strong>Dimensions<\/strong><\/p>\n<p><strong>cm<\/strong> Diam 22 x 27<\/p>\n<p><strong>inches<\/strong> Diam 0,86 x 1,06<\/p>\n","protected":false},"excerpt":{"rendered":"<p>Vase Art D\u00e9co en c\u00e9ramique \u00e9maill\u00e9e \u00e0 motifs floraux et g\u00e9om\u00e9triques, anses et base partiellement dor\u00e9es.<br \/>\nCr\u00e9ation de Raymond Chevallier (1900-1959), successeur de Charles Catteau.<br \/>\nProduction: Boch La Louvi\u00e8re.<\/p>\n<p>Belgique vers 1925.<\/p>\n<p>&nbsp;<\/p>\n<p><strong>Dimensions<\/strong><\/p>\n<p><strong>cm<\/strong> Diam 22 x 27<\/p>\n<p><strong>inches<\/strong> Diam 0,86 x 1,06<\/p>\n<p>&nbsp;<\/p>\n","protected":false},"featured_media":23592,"template":"","meta":{"_editorskit_title_hidden":false,"_editorskit_reading_time":0,"_editorskit_is_block_options_detached":false,"_editorskit_block_options_position":"{}","inline_featured_image":false},"product_brand":[],"product_cat":[267,462],"product_tag":[],"class_list":{"0":"post-23613","1":"product","2":"type-product","3":"status-publish","4":"has-post-thumbnail","6":"product_cat-objets-et-accessoires","7":"product_cat-ceramiques","9":"first","10":"instock","11":"shipping-taxable","12":"purchasable","13":"product-type-simple"},"_links":{"self":[{"href":"https:\/\/www.finsdesiecles-artdeco.com\/fr\/wp-json\/wp\/v2\/product\/23613","targetHints":{"allow":["GET"]}}],"collection":[{"href":"https:\/\/www.finsdesiecles-artdeco.com\/fr\/wp-json\/wp\/v2\/product"}],"about":[{"href":"https:\/\/www.finsdesiecles-artdeco.com\/fr\/wp-json\/wp\/v2\/types\/product"}],"wp:featuredmedia":[{"embeddable":true,"href":"https:\/\/www.finsdesiecles-artdeco.com\/fr\/wp-json\/wp\/v2\/media\/23592"}],"wp:attachment":[{"href":"https:\/\/www.finsdesiecles-artdeco.com\/fr\/wp-json\/wp\/v2\/media?parent=23613"}],"wp:term":[{"taxonomy":"product_brand","embeddable":true,"href":"https:\/\/www.finsdesiecles-artdeco.com\/fr\/wp-json\/wp\/v2\/product_brand?post=23613"},{"taxonomy":"product_cat","embeddable":true,"href":"https:\/\/www.finsdesiecles-artdeco.com\/fr\/wp-json\/wp\/v2\/product_cat?post=23613"},{"taxonomy":"product_tag","embeddable":true,"href":"https:\/\/www.finsdesiecles-artdeco.com\/fr\/wp-json\/wp\/v2\/product_tag?post=23613"}],"curies":[{"name":"wp","href":"https:\/\/api.w.org\/{rel}","templated":true}]}}