{"id":23799,"date":"2023-07-01T09:38:00","date_gmt":"2023-07-01T09:38:00","guid":{"rendered":"https:\/\/www.finsdesiecles-artdeco.com\/product\/side-table-5\/"},"modified":"2023-07-01T09:43:24","modified_gmt":"2023-07-01T09:43:24","slug":"gueridon-7","status":"publish","type":"product","link":"https:\/\/www.finsdesiecles-artdeco.com\/fr\/product\/gueridon-7\/","title":{"rendered":"Gu\u00e9ridon en cellulo\u00efd &#8211; France 1925"},"content":{"rendered":"<p>Gu\u00e9ridon en cellulo\u00efd &#8211; France 1925<\/p>\n<p>&nbsp;<\/p>\n<p><strong>Dimensions<\/strong><\/p>\n<p><strong>cm<\/strong> 55 x 47<\/p>\n<p><strong>inches<\/strong> 21,66 x 18,5<\/p>\n","protected":false},"excerpt":{"rendered":"<p>Gu\u00e9ridon \u00e0 structure en h\u00eatre teint\u00e9 et verni au tampon, ceinture et plateau gain\u00e9s de cellulo\u00efd bleu d&rsquo;origine (petits manques).<\/p>\n<p>France vers 1925.<\/p>\n<p>&nbsp;<\/p>\n<p><strong>Dimensions<\/strong><\/p>\n<p><strong>cm<\/strong> 55 x 47<\/p>\n<p><strong>inches<\/strong> 21,66 x 18,5<\/p>\n","protected":false},"featured_media":23778,"template":"","meta":{"_editorskit_title_hidden":false,"_editorskit_reading_time":0,"_editorskit_is_block_options_detached":false,"_editorskit_block_options_position":"{}","inline_featured_image":false},"product_brand":[],"product_cat":[256,257],"product_tag":[],"class_list":{"0":"post-23799","1":"product","2":"type-product","3":"status-publish","4":"has-post-thumbnail","6":"product_cat-tables","7":"product_cat-gueridons","9":"first","10":"instock","11":"shipping-taxable","12":"purchasable","13":"product-type-simple"},"_links":{"self":[{"href":"https:\/\/www.finsdesiecles-artdeco.com\/fr\/wp-json\/wp\/v2\/product\/23799","targetHints":{"allow":["GET"]}}],"collection":[{"href":"https:\/\/www.finsdesiecles-artdeco.com\/fr\/wp-json\/wp\/v2\/product"}],"about":[{"href":"https:\/\/www.finsdesiecles-artdeco.com\/fr\/wp-json\/wp\/v2\/types\/product"}],"wp:featuredmedia":[{"embeddable":true,"href":"https:\/\/www.finsdesiecles-artdeco.com\/fr\/wp-json\/wp\/v2\/media\/23778"}],"wp:attachment":[{"href":"https:\/\/www.finsdesiecles-artdeco.com\/fr\/wp-json\/wp\/v2\/media?parent=23799"}],"wp:term":[{"taxonomy":"product_brand","embeddable":true,"href":"https:\/\/www.finsdesiecles-artdeco.com\/fr\/wp-json\/wp\/v2\/product_brand?post=23799"},{"taxonomy":"product_cat","embeddable":true,"href":"https:\/\/www.finsdesiecles-artdeco.com\/fr\/wp-json\/wp\/v2\/product_cat?post=23799"},{"taxonomy":"product_tag","embeddable":true,"href":"https:\/\/www.finsdesiecles-artdeco.com\/fr\/wp-json\/wp\/v2\/product_tag?post=23799"}],"curies":[{"name":"wp","href":"https:\/\/api.w.org\/{rel}","templated":true}]}}