{"id":24012,"date":"2023-07-10T09:36:47","date_gmt":"2023-07-10T09:36:47","guid":{"rendered":"https:\/\/www.finsdesiecles-artdeco.com\/product\/side-table-6\/"},"modified":"2023-07-18T14:12:39","modified_gmt":"2023-07-18T14:12:39","slug":"gueridon-9","status":"publish","type":"product","link":"https:\/\/www.finsdesiecles-artdeco.com\/fr\/product\/gueridon-9\/","title":{"rendered":"Gu\u00e9ridon par Augusto Romano &#8211; Italie 1950"},"content":{"rendered":"<p>Gu\u00e9ridon par Augusto Romano &#8211; Italie 1950<\/p>\n<p>&nbsp;<\/p>\n<p><strong>Dimensions<\/strong><\/p>\n<p><strong>cm<\/strong> Diam 66 x 59<\/p>\n<p><strong>inches<\/strong> Diam 25,98 x 23,22<\/p>\n","protected":false},"excerpt":{"rendered":"<p>Gu\u00e9ridon \u00e0 quatre pieds doubles et plateau en h\u00eatre massif cercl\u00e9 d&rsquo;un travail de cordage decorative. Vernis au tampon.<br \/>\nDesign: Augusto Romano.<br \/>\nItalie vers 1950.<\/p>\n<p>&nbsp;<\/p>\n<p><strong>Dimensions<\/strong><\/p>\n<p><strong>cm<\/strong> Diam 66 x 59<\/p>\n<p><strong>inches<\/strong> Diam 25,98 x 23,22<\/p>\n","protected":false},"featured_media":23994,"template":"","meta":{"_editorskit_title_hidden":false,"_editorskit_reading_time":0,"_editorskit_is_block_options_detached":false,"_editorskit_block_options_position":"{}","inline_featured_image":false},"product_brand":[],"product_cat":[256,257],"product_tag":[],"class_list":{"0":"post-24012","1":"product","2":"type-product","3":"status-publish","4":"has-post-thumbnail","6":"product_cat-tables","7":"product_cat-gueridons","9":"first","10":"outofstock","11":"shipping-taxable","12":"product-type-simple"},"_links":{"self":[{"href":"https:\/\/www.finsdesiecles-artdeco.com\/fr\/wp-json\/wp\/v2\/product\/24012","targetHints":{"allow":["GET"]}}],"collection":[{"href":"https:\/\/www.finsdesiecles-artdeco.com\/fr\/wp-json\/wp\/v2\/product"}],"about":[{"href":"https:\/\/www.finsdesiecles-artdeco.com\/fr\/wp-json\/wp\/v2\/types\/product"}],"wp:featuredmedia":[{"embeddable":true,"href":"https:\/\/www.finsdesiecles-artdeco.com\/fr\/wp-json\/wp\/v2\/media\/23994"}],"wp:attachment":[{"href":"https:\/\/www.finsdesiecles-artdeco.com\/fr\/wp-json\/wp\/v2\/media?parent=24012"}],"wp:term":[{"taxonomy":"product_brand","embeddable":true,"href":"https:\/\/www.finsdesiecles-artdeco.com\/fr\/wp-json\/wp\/v2\/product_brand?post=24012"},{"taxonomy":"product_cat","embeddable":true,"href":"https:\/\/www.finsdesiecles-artdeco.com\/fr\/wp-json\/wp\/v2\/product_cat?post=24012"},{"taxonomy":"product_tag","embeddable":true,"href":"https:\/\/www.finsdesiecles-artdeco.com\/fr\/wp-json\/wp\/v2\/product_tag?post=24012"}],"curies":[{"name":"wp","href":"https:\/\/api.w.org\/{rel}","templated":true}]}}