{"id":24220,"date":"2023-07-22T10:31:14","date_gmt":"2023-07-22T10:31:14","guid":{"rendered":"https:\/\/www.finsdesiecles-artdeco.com\/product\/standing-lamp-5\/"},"modified":"2024-04-11T14:28:01","modified_gmt":"2024-04-11T14:28:01","slug":"lampadaire-7","status":"publish","type":"product","link":"https:\/\/www.finsdesiecles-artdeco.com\/fr\/product\/lampadaire-7\/","title":{"rendered":"Lampadaire en fer forg\u00e9 &#8211; Espagne 1950"},"content":{"rendered":"<p>Lampadaire en fer forg\u00e9 &#8211; Espagne 1950<\/p>\n<p>&nbsp;<\/p>\n<p><strong>Dimensions<\/strong><\/p>\n<p><strong>cm<\/strong> Diam 45 x 170<\/p>\n<p><strong>inches<\/strong> Diam 17.72 x 66.93<\/p>\n","protected":false},"excerpt":{"rendered":"<p>Lampadaire en fer forg\u00e9, qualit\u00e9 et finesse de travail tr\u00e8s \u00e9lev\u00e9e. Double syst\u00e8me d&rsquo;\u00e9clairage, abat-jour en raphia.<br \/>\nEspagne, 1950.<\/p>\n<p>&nbsp;<\/p>\n<p><strong>Dimensions<\/strong><\/p>\n<p><strong>cm<\/strong> Diam 45 x 170<\/p>\n<p><strong>inches<\/strong> Diam 17.72 x 66.93<\/p>\n","protected":false},"featured_media":28837,"template":"","meta":{"_editorskit_title_hidden":false,"_editorskit_reading_time":0,"_editorskit_is_block_options_detached":false,"_editorskit_block_options_position":"{}","inline_featured_image":false},"product_brand":[],"product_cat":[264,330],"product_tag":[],"class_list":{"0":"post-24220","1":"product","2":"type-product","3":"status-publish","4":"has-post-thumbnail","6":"product_cat-luminaires","7":"product_cat-lampadaires","9":"first","10":"instock","11":"shipping-taxable","12":"purchasable","13":"product-type-simple"},"_links":{"self":[{"href":"https:\/\/www.finsdesiecles-artdeco.com\/fr\/wp-json\/wp\/v2\/product\/24220","targetHints":{"allow":["GET"]}}],"collection":[{"href":"https:\/\/www.finsdesiecles-artdeco.com\/fr\/wp-json\/wp\/v2\/product"}],"about":[{"href":"https:\/\/www.finsdesiecles-artdeco.com\/fr\/wp-json\/wp\/v2\/types\/product"}],"wp:featuredmedia":[{"embeddable":true,"href":"https:\/\/www.finsdesiecles-artdeco.com\/fr\/wp-json\/wp\/v2\/media\/28837"}],"wp:attachment":[{"href":"https:\/\/www.finsdesiecles-artdeco.com\/fr\/wp-json\/wp\/v2\/media?parent=24220"}],"wp:term":[{"taxonomy":"product_brand","embeddable":true,"href":"https:\/\/www.finsdesiecles-artdeco.com\/fr\/wp-json\/wp\/v2\/product_brand?post=24220"},{"taxonomy":"product_cat","embeddable":true,"href":"https:\/\/www.finsdesiecles-artdeco.com\/fr\/wp-json\/wp\/v2\/product_cat?post=24220"},{"taxonomy":"product_tag","embeddable":true,"href":"https:\/\/www.finsdesiecles-artdeco.com\/fr\/wp-json\/wp\/v2\/product_tag?post=24220"}],"curies":[{"name":"wp","href":"https:\/\/api.w.org\/{rel}","templated":true}]}}