{"id":24328,"date":"2023-07-28T09:48:27","date_gmt":"2023-07-28T09:48:27","guid":{"rendered":"https:\/\/www.finsdesiecles-artdeco.com\/product\/serving-cart-in-solid-oak-italy-1940\/"},"modified":"2023-07-28T10:01:37","modified_gmt":"2023-07-28T10:01:37","slug":"desserte-4","status":"publish","type":"product","link":"https:\/\/www.finsdesiecles-artdeco.com\/fr\/product\/desserte-4\/","title":{"rendered":"Desserte &#8211; Italie 1940"},"content":{"rendered":"<p>Desserte &#8211; Italie 1940<\/p>\n<p>&nbsp;<\/p>\n<p><strong>Dimensions\u00a0<\/strong><\/p>\n<p><strong>cm<\/strong> 84,5 x 48 x 60,5<\/p>\n<p><strong>inches<\/strong> 33,27 x 18.9 x 23.82<\/p>\n","protected":false},"excerpt":{"rendered":"<p>Desserte \u00e0 deux niveaux \u00e0 structure et croisillons en ch\u00eane massif, plateaux en verre, roulettes originales. Finition gomme-laque.<br \/>\nItalie 1940.<\/p>\n<p>&nbsp;<\/p>\n<p><strong>Dimensions\u00a0<\/strong><\/p>\n<p><strong>cm<\/strong> 84,5 x 48 x 60,5<\/p>\n<p><strong>inches<\/strong> 33,27 x 18.9 x 23.82<\/p>\n","protected":false},"featured_media":24304,"template":"","meta":{"_editorskit_title_hidden":false,"_editorskit_reading_time":0,"_editorskit_is_block_options_detached":false,"_editorskit_block_options_position":"{}","inline_featured_image":false},"product_brand":[],"product_cat":[276,321],"product_tag":[],"class_list":{"0":"post-24328","1":"product","2":"type-product","3":"status-publish","4":"has-post-thumbnail","6":"product_cat-auxiliaires","7":"product_cat-dessertes","9":"first","10":"instock","11":"shipping-taxable","12":"purchasable","13":"product-type-simple"},"_links":{"self":[{"href":"https:\/\/www.finsdesiecles-artdeco.com\/fr\/wp-json\/wp\/v2\/product\/24328","targetHints":{"allow":["GET"]}}],"collection":[{"href":"https:\/\/www.finsdesiecles-artdeco.com\/fr\/wp-json\/wp\/v2\/product"}],"about":[{"href":"https:\/\/www.finsdesiecles-artdeco.com\/fr\/wp-json\/wp\/v2\/types\/product"}],"wp:featuredmedia":[{"embeddable":true,"href":"https:\/\/www.finsdesiecles-artdeco.com\/fr\/wp-json\/wp\/v2\/media\/24304"}],"wp:attachment":[{"href":"https:\/\/www.finsdesiecles-artdeco.com\/fr\/wp-json\/wp\/v2\/media?parent=24328"}],"wp:term":[{"taxonomy":"product_brand","embeddable":true,"href":"https:\/\/www.finsdesiecles-artdeco.com\/fr\/wp-json\/wp\/v2\/product_brand?post=24328"},{"taxonomy":"product_cat","embeddable":true,"href":"https:\/\/www.finsdesiecles-artdeco.com\/fr\/wp-json\/wp\/v2\/product_cat?post=24328"},{"taxonomy":"product_tag","embeddable":true,"href":"https:\/\/www.finsdesiecles-artdeco.com\/fr\/wp-json\/wp\/v2\/product_tag?post=24328"}],"curies":[{"name":"wp","href":"https:\/\/api.w.org\/{rel}","templated":true}]}}