{"id":24447,"date":"2023-07-31T09:24:12","date_gmt":"2023-07-31T09:24:12","guid":{"rendered":"https:\/\/www.finsdesiecles-artdeco.com\/product\/tulip-table-lamp-by-eva-renee-nele-switzerland-1960\/"},"modified":"2023-07-31T09:30:25","modified_gmt":"2023-07-31T09:30:25","slug":"lampe-de-table-11","status":"publish","type":"product","link":"https:\/\/www.finsdesiecles-artdeco.com\/fr\/product\/lampe-de-table-11\/","title":{"rendered":"Lampe de table Tulip d&rsquo;Eva Ren\u00e9e Nele &#8211; Suisse 1960"},"content":{"rendered":"<p>Lampe de table Tulip d&rsquo;Eva Ren\u00e9e Nele &#8211; Suisse 1960<\/p>\n<p>&nbsp;<\/p>\n<p><strong>Dimensions<\/strong><\/p>\n<p><strong>cm<\/strong> Diam 38 x 53<\/p>\n<p><strong>inches<\/strong> Diam 14,97 x 20,87<\/p>\n<p>&nbsp;<\/p>\n<p>&nbsp;<\/p>\n","protected":false},"excerpt":{"rendered":"<p>Lampe de table Tulip d&rsquo;Eva Ren\u00e9e Nele pour Temde Leuchten. Fonte d&rsquo;aluminium laqu\u00e9e blanc, trois points de lumi\u00e8re, abat-jour en toile blanc \u00e9cru, diffuseur en plexi blanc.<br \/>\nSuisse 1960.<\/p>\n<p>&nbsp;<\/p>\n<p><strong>Dimensions<\/strong><\/p>\n<p><strong>cm<\/strong> Diam 38 x 53<\/p>\n<p><strong>inches<\/strong> Diam 14,97 x 20,87<\/p>\n<p>&nbsp;<\/p>\n","protected":false},"featured_media":24426,"template":"","meta":{"_editorskit_title_hidden":false,"_editorskit_reading_time":0,"_editorskit_is_block_options_detached":false,"_editorskit_block_options_position":"{}","inline_featured_image":false},"product_brand":[],"product_cat":[333,264],"product_tag":[],"class_list":{"0":"post-24447","1":"product","2":"type-product","3":"status-publish","4":"has-post-thumbnail","6":"product_cat-lampes-de-table","7":"product_cat-luminaires","9":"first","10":"instock","11":"shipping-taxable","12":"purchasable","13":"product-type-simple"},"_links":{"self":[{"href":"https:\/\/www.finsdesiecles-artdeco.com\/fr\/wp-json\/wp\/v2\/product\/24447","targetHints":{"allow":["GET"]}}],"collection":[{"href":"https:\/\/www.finsdesiecles-artdeco.com\/fr\/wp-json\/wp\/v2\/product"}],"about":[{"href":"https:\/\/www.finsdesiecles-artdeco.com\/fr\/wp-json\/wp\/v2\/types\/product"}],"wp:featuredmedia":[{"embeddable":true,"href":"https:\/\/www.finsdesiecles-artdeco.com\/fr\/wp-json\/wp\/v2\/media\/24426"}],"wp:attachment":[{"href":"https:\/\/www.finsdesiecles-artdeco.com\/fr\/wp-json\/wp\/v2\/media?parent=24447"}],"wp:term":[{"taxonomy":"product_brand","embeddable":true,"href":"https:\/\/www.finsdesiecles-artdeco.com\/fr\/wp-json\/wp\/v2\/product_brand?post=24447"},{"taxonomy":"product_cat","embeddable":true,"href":"https:\/\/www.finsdesiecles-artdeco.com\/fr\/wp-json\/wp\/v2\/product_cat?post=24447"},{"taxonomy":"product_tag","embeddable":true,"href":"https:\/\/www.finsdesiecles-artdeco.com\/fr\/wp-json\/wp\/v2\/product_tag?post=24447"}],"curies":[{"name":"wp","href":"https:\/\/api.w.org\/{rel}","templated":true}]}}