{"id":2505,"date":"2011-07-26T18:07:37","date_gmt":"2011-07-26T18:07:37","guid":{"rendered":"https:\/\/www.finsdesiecles-artdeco.com\/?product=psyche"},"modified":"2023-06-15T17:46:26","modified_gmt":"2023-06-15T17:46:26","slug":"psyche-en-sycomore","status":"publish","type":"product","link":"https:\/\/www.finsdesiecles-artdeco.com\/fr\/product\/psyche-en-sycomore\/","title":{"rendered":"Psych\u00e9 en sycomore"},"content":{"rendered":"<p>Psych\u00e9 en sycomore<\/p>\n<hr \/>\n<p><b>Dimensions<\/b><\/p>\n<ul>\n<li><b>cm:<\/b> BASE 120 x 50 x 35 H total 180<\/li>\n<li><b>inches:<\/b> BASE 47.24 x 19.69 x 13.78 H total 70.87<\/li>\n<\/ul>\n","protected":false},"excerpt":{"rendered":"<p>Psych\u00e9 en sycomore \u00e0 3 tiroirs dont 1 en parchemin, boutons en laiton, poign\u00e9e en bronze et verre, applique lumineuse en bronze et verre sabl\u00e9.<\/p>\n<p>France c. 1940<\/p>\n<p><b>Dimensions<\/b><\/p>\n<ul>\n<li><b>cm:<\/b> BASE 120 x 50 x 35 H total 180<\/li>\n<li><b>inches:<\/b> BASE 47.24 x 19.69 x 13.78 H total 70.87<\/li>\n<\/ul>\n","protected":false},"featured_media":2499,"template":"","meta":{"_editorskit_title_hidden":false,"_editorskit_reading_time":0,"_editorskit_is_block_options_detached":false,"_editorskit_block_options_position":"{}","inline_featured_image":false},"product_brand":[],"product_cat":[342,460],"product_tag":[],"class_list":{"0":"post-2505","1":"product","2":"type-product","3":"status-publish","4":"has-post-thumbnail","6":"product_cat-miroirs","7":"product_cat-psyches-fr","9":"first","10":"instock","11":"purchasable","12":"product-type-simple"},"_links":{"self":[{"href":"https:\/\/www.finsdesiecles-artdeco.com\/fr\/wp-json\/wp\/v2\/product\/2505","targetHints":{"allow":["GET"]}}],"collection":[{"href":"https:\/\/www.finsdesiecles-artdeco.com\/fr\/wp-json\/wp\/v2\/product"}],"about":[{"href":"https:\/\/www.finsdesiecles-artdeco.com\/fr\/wp-json\/wp\/v2\/types\/product"}],"wp:featuredmedia":[{"embeddable":true,"href":"https:\/\/www.finsdesiecles-artdeco.com\/fr\/wp-json\/wp\/v2\/media\/2499"}],"wp:attachment":[{"href":"https:\/\/www.finsdesiecles-artdeco.com\/fr\/wp-json\/wp\/v2\/media?parent=2505"}],"wp:term":[{"taxonomy":"product_brand","embeddable":true,"href":"https:\/\/www.finsdesiecles-artdeco.com\/fr\/wp-json\/wp\/v2\/product_brand?post=2505"},{"taxonomy":"product_cat","embeddable":true,"href":"https:\/\/www.finsdesiecles-artdeco.com\/fr\/wp-json\/wp\/v2\/product_cat?post=2505"},{"taxonomy":"product_tag","embeddable":true,"href":"https:\/\/www.finsdesiecles-artdeco.com\/fr\/wp-json\/wp\/v2\/product_tag?post=2505"}],"curies":[{"name":"wp","href":"https:\/\/api.w.org\/{rel}","templated":true}]}}