{"id":2545,"date":"2012-01-09T13:18:11","date_gmt":"2012-01-09T13:18:11","guid":{"rendered":"https:\/\/www.finsdesiecles-artdeco.com\/?product=lampadaires"},"modified":"2022-10-18T11:18:29","modified_gmt":"2022-10-18T11:18:29","slug":"lampadaire-art-deco","status":"publish","type":"product","link":"https:\/\/www.finsdesiecles-artdeco.com\/fr\/product\/lampadaire-art-deco\/","title":{"rendered":"Lampadaire Art D\u00e9co"},"content":{"rendered":"<p>Lampadaire Art D\u00e9co<\/p>\n<hr \/>\n<p><b>Dimensions<\/b><\/p>\n<ul>\n<li><b>cm:<\/b> Diam 39 H 200<\/li>\n<li><b>inches:<\/b> Diam 15.35 H 78.74<\/li>\n<\/ul>\n","protected":false},"excerpt":{"rendered":"<p>Lampadaire Art D\u00e9co \u00e0 2 plaques de verre \u00e9pais, 6 points d\u00b4 \u00e9clairage, f\u00fbt en bois teint\u00e9 et vernis, baguettes en laiton.<\/p>\n<p>Attribu\u00e9 a Fontana Arte<\/p>\n<p>Italie c. 1930<\/p>\n<p><b>Dimensions<\/b><\/p>\n<ul>\n<li><b>cm:<\/b> Diam 39 H 200<\/li>\n<li><b>inches:<\/b> Diam 15.35 H 78.74<\/li>\n<\/ul>\n","protected":false},"featured_media":2537,"template":"","meta":{"_editorskit_title_hidden":false,"_editorskit_reading_time":0,"_editorskit_is_block_options_detached":false,"_editorskit_block_options_position":"{}","inline_featured_image":false},"product_brand":[],"product_cat":[264,330],"product_tag":[],"class_list":{"0":"post-2545","1":"product","2":"type-product","3":"status-publish","4":"has-post-thumbnail","6":"product_cat-luminaires","7":"product_cat-lampadaires","9":"first","10":"instock","11":"purchasable","12":"product-type-simple"},"_links":{"self":[{"href":"https:\/\/www.finsdesiecles-artdeco.com\/fr\/wp-json\/wp\/v2\/product\/2545","targetHints":{"allow":["GET"]}}],"collection":[{"href":"https:\/\/www.finsdesiecles-artdeco.com\/fr\/wp-json\/wp\/v2\/product"}],"about":[{"href":"https:\/\/www.finsdesiecles-artdeco.com\/fr\/wp-json\/wp\/v2\/types\/product"}],"wp:featuredmedia":[{"embeddable":true,"href":"https:\/\/www.finsdesiecles-artdeco.com\/fr\/wp-json\/wp\/v2\/media\/2537"}],"wp:attachment":[{"href":"https:\/\/www.finsdesiecles-artdeco.com\/fr\/wp-json\/wp\/v2\/media?parent=2545"}],"wp:term":[{"taxonomy":"product_brand","embeddable":true,"href":"https:\/\/www.finsdesiecles-artdeco.com\/fr\/wp-json\/wp\/v2\/product_brand?post=2545"},{"taxonomy":"product_cat","embeddable":true,"href":"https:\/\/www.finsdesiecles-artdeco.com\/fr\/wp-json\/wp\/v2\/product_cat?post=2545"},{"taxonomy":"product_tag","embeddable":true,"href":"https:\/\/www.finsdesiecles-artdeco.com\/fr\/wp-json\/wp\/v2\/product_tag?post=2545"}],"curies":[{"name":"wp","href":"https:\/\/api.w.org\/{rel}","templated":true}]}}