{"id":25573,"date":"2023-09-29T09:20:13","date_gmt":"2023-09-29T09:51:59","guid":{"rendered":"https:\/\/www.finsdesiecles-artdeco.com\/?post_type=product&#038;p=25573"},"modified":"2023-12-01T22:30:43","modified_gmt":"2023-12-01T22:30:43","slug":"meuble-bar-rond-art-deco","status":"publish","type":"product","link":"https:\/\/www.finsdesiecles-artdeco.com\/fr\/product\/meuble-bar-rond-art-deco\/","title":{"rendered":"Meuble bar rond Art D\u00e9co"},"content":{"rendered":"<p>Meuble bar rond Art D\u00e9co<\/p>\n<p><strong>Dimensions<\/strong><\/p>\n<p><strong>cm<\/strong> 66,5 x 71<\/p>\n<p><strong>inches<\/strong> 26.18 x 27.95<\/p>\n","protected":false},"excerpt":{"rendered":"<p>Meuble bar Art D\u00e9co de forme ronde reposant sur un pi\u00e8tement en forme de croix et 4 larges cylindres en bois laqu\u00e9 noir et laiton. Syst\u00e8me de double porte \u00e0 tambour cachant les deux compartiments bar avec leurs logements en m\u00e9tal nickel\u00e9 (une porte avec serrure, l&rsquo;autre pas). Le meuble est enti\u00e8rement plaqu\u00e9 (int\u00e9rieur et ext\u00e9rieur) d&rsquo;un splendide noyer verni au tampon. Tr\u00e8s beau travail d&rsquo;\u00e9b\u00e9nisterie.<\/p>\n<p>Italie vers 1930<\/p>\n<p><strong>Dimensions<\/strong><\/p>\n<p><strong>cm<\/strong> 66,5 x 71<\/p>\n<p><strong>inches<\/strong> 26.18 x 27.95<\/p>\n","protected":false},"featured_media":25527,"template":"","meta":{"_editorskit_title_hidden":false,"_editorskit_reading_time":0,"_editorskit_is_block_options_detached":false,"_editorskit_block_options_position":"{}","inline_featured_image":false},"product_brand":[],"product_cat":[276,318],"product_tag":[],"class_list":{"0":"post-25573","1":"product","2":"type-product","3":"status-publish","4":"has-post-thumbnail","6":"product_cat-auxiliaires","7":"product_cat-meubles-bar","9":"first","10":"instock","11":"shipping-taxable","12":"purchasable","13":"product-type-simple"},"_links":{"self":[{"href":"https:\/\/www.finsdesiecles-artdeco.com\/fr\/wp-json\/wp\/v2\/product\/25573","targetHints":{"allow":["GET"]}}],"collection":[{"href":"https:\/\/www.finsdesiecles-artdeco.com\/fr\/wp-json\/wp\/v2\/product"}],"about":[{"href":"https:\/\/www.finsdesiecles-artdeco.com\/fr\/wp-json\/wp\/v2\/types\/product"}],"wp:featuredmedia":[{"embeddable":true,"href":"https:\/\/www.finsdesiecles-artdeco.com\/fr\/wp-json\/wp\/v2\/media\/25527"}],"wp:attachment":[{"href":"https:\/\/www.finsdesiecles-artdeco.com\/fr\/wp-json\/wp\/v2\/media?parent=25573"}],"wp:term":[{"taxonomy":"product_brand","embeddable":true,"href":"https:\/\/www.finsdesiecles-artdeco.com\/fr\/wp-json\/wp\/v2\/product_brand?post=25573"},{"taxonomy":"product_cat","embeddable":true,"href":"https:\/\/www.finsdesiecles-artdeco.com\/fr\/wp-json\/wp\/v2\/product_cat?post=25573"},{"taxonomy":"product_tag","embeddable":true,"href":"https:\/\/www.finsdesiecles-artdeco.com\/fr\/wp-json\/wp\/v2\/product_tag?post=25573"}],"curies":[{"name":"wp","href":"https:\/\/api.w.org\/{rel}","templated":true}]}}