{"id":25624,"date":"2023-09-30T10:57:35","date_gmt":"2023-09-30T11:08:03","guid":{"rendered":"https:\/\/www.finsdesiecles-artdeco.com\/?post_type=product&#038;p=25624"},"modified":"2023-09-30T11:31:49","modified_gmt":"2023-09-30T11:31:49","slug":"soupiere-ceramique-de-montgolfier-france-1970","status":"publish","type":"product","link":"https:\/\/www.finsdesiecles-artdeco.com\/fr\/product\/soupiere-ceramique-de-montgolfier-france-1970\/","title":{"rendered":"Soupi\u00e8re c\u00e9ramique de Montgolfier &#8211; France 1970"},"content":{"rendered":"<p>Soupi\u00e8re c\u00e9ramique Montgolfier &#8211; France 1970<\/p>\n<p><strong>Dimensions<\/strong><\/p>\n<p><strong>cm<\/strong> 23 (avec anses) x 18 x 20<\/p>\n<p><strong>inches<\/strong> 9.05 (avec anses) x 7.09 x 7.87<\/p>\n","protected":false},"excerpt":{"rendered":"<p>Soupi\u00e8re en c\u00e9ramique dans les tons verts sur fond gris, travail de Yvon Roy pour Montgolfier, pi\u00e8ce unique,<\/p>\n<p>France vers 1970<\/p>\n<p><strong>Dimensions<\/strong><\/p>\n<p><strong>cm<\/strong> 23 (avec anses) x 18 x 20<\/p>\n<p><strong>inches<\/strong> 9.05 (avec anses) x 7.09 x 7.87<\/p>\n<p>&nbsp;<\/p>\n","protected":false},"featured_media":25604,"template":"","meta":{"_editorskit_title_hidden":false,"_editorskit_reading_time":0,"_editorskit_is_block_options_detached":false,"_editorskit_block_options_position":"{}","inline_featured_image":false},"product_brand":[],"product_cat":[462],"product_tag":[],"class_list":{"0":"post-25624","1":"product","2":"type-product","3":"status-publish","4":"has-post-thumbnail","6":"product_cat-ceramiques","8":"first","9":"instock","10":"shipping-taxable","11":"purchasable","12":"product-type-simple"},"_links":{"self":[{"href":"https:\/\/www.finsdesiecles-artdeco.com\/fr\/wp-json\/wp\/v2\/product\/25624","targetHints":{"allow":["GET"]}}],"collection":[{"href":"https:\/\/www.finsdesiecles-artdeco.com\/fr\/wp-json\/wp\/v2\/product"}],"about":[{"href":"https:\/\/www.finsdesiecles-artdeco.com\/fr\/wp-json\/wp\/v2\/types\/product"}],"wp:featuredmedia":[{"embeddable":true,"href":"https:\/\/www.finsdesiecles-artdeco.com\/fr\/wp-json\/wp\/v2\/media\/25604"}],"wp:attachment":[{"href":"https:\/\/www.finsdesiecles-artdeco.com\/fr\/wp-json\/wp\/v2\/media?parent=25624"}],"wp:term":[{"taxonomy":"product_brand","embeddable":true,"href":"https:\/\/www.finsdesiecles-artdeco.com\/fr\/wp-json\/wp\/v2\/product_brand?post=25624"},{"taxonomy":"product_cat","embeddable":true,"href":"https:\/\/www.finsdesiecles-artdeco.com\/fr\/wp-json\/wp\/v2\/product_cat?post=25624"},{"taxonomy":"product_tag","embeddable":true,"href":"https:\/\/www.finsdesiecles-artdeco.com\/fr\/wp-json\/wp\/v2\/product_tag?post=25624"}],"curies":[{"name":"wp","href":"https:\/\/api.w.org\/{rel}","templated":true}]}}