{"id":25656,"date":"2023-09-30T11:54:01","date_gmt":"2023-09-30T12:00:05","guid":{"rendered":"https:\/\/www.finsdesiecles-artdeco.com\/?post_type=product&#038;p=25656"},"modified":"2023-09-30T12:09:16","modified_gmt":"2023-09-30T12:09:16","slug":"pair-de-petites-banquettes-spain-1960","status":"publish","type":"product","link":"https:\/\/www.finsdesiecles-artdeco.com\/fr\/product\/pair-de-petites-banquettes-spain-1960\/","title":{"rendered":"Pair de petites banquettes &#8211; Spain 1960"},"content":{"rendered":"<p>Pair de petites banquettes &#8211; Spain 1960<\/p>\n<p><strong>Dimensions<\/strong><\/p>\n<p><strong>cm<\/strong> 50 x 36 x 45<\/p>\n<p><strong>inches<\/strong> 19.68 x 14.17 x 17.72<\/p>\n","protected":false},"excerpt":{"rendered":"<p>Paire de petites banquettes en h\u00eatre massif \u00e0 finition gomme-laque dor\u00e9e, recouvertes de tissu bouclettes ivoire (mousse de confort refaite \u00e0 neuf). Etiquette du fabricant \u00a0\u00bb Jelm S.L\u00a0\u00bb \u00e1 Olot, Espagne.<\/p>\n<p>Espagne vers 1960.<\/p>\n<p><strong>Dimensions<\/strong><\/p>\n<p><strong>cm<\/strong> 50 x 36 x 45<\/p>\n<p><strong>inches<\/strong> 19.68 x 14.17 x 17.72<\/p>\n<p>&nbsp;<\/p>\n","protected":false},"featured_media":25632,"template":"","meta":{"_editorskit_title_hidden":false,"_editorskit_reading_time":0,"_editorskit_is_block_options_detached":false,"_editorskit_block_options_position":"{}","inline_featured_image":false},"product_brand":[],"product_cat":[285,250],"product_tag":[],"class_list":{"0":"post-25656","1":"product","2":"type-product","3":"status-publish","4":"has-post-thumbnail","6":"product_cat-bancs-et-banquettes","7":"product_cat-sieges","9":"first","10":"instock","11":"shipping-taxable","12":"purchasable","13":"product-type-simple"},"_links":{"self":[{"href":"https:\/\/www.finsdesiecles-artdeco.com\/fr\/wp-json\/wp\/v2\/product\/25656","targetHints":{"allow":["GET"]}}],"collection":[{"href":"https:\/\/www.finsdesiecles-artdeco.com\/fr\/wp-json\/wp\/v2\/product"}],"about":[{"href":"https:\/\/www.finsdesiecles-artdeco.com\/fr\/wp-json\/wp\/v2\/types\/product"}],"wp:featuredmedia":[{"embeddable":true,"href":"https:\/\/www.finsdesiecles-artdeco.com\/fr\/wp-json\/wp\/v2\/media\/25632"}],"wp:attachment":[{"href":"https:\/\/www.finsdesiecles-artdeco.com\/fr\/wp-json\/wp\/v2\/media?parent=25656"}],"wp:term":[{"taxonomy":"product_brand","embeddable":true,"href":"https:\/\/www.finsdesiecles-artdeco.com\/fr\/wp-json\/wp\/v2\/product_brand?post=25656"},{"taxonomy":"product_cat","embeddable":true,"href":"https:\/\/www.finsdesiecles-artdeco.com\/fr\/wp-json\/wp\/v2\/product_cat?post=25656"},{"taxonomy":"product_tag","embeddable":true,"href":"https:\/\/www.finsdesiecles-artdeco.com\/fr\/wp-json\/wp\/v2\/product_tag?post=25656"}],"curies":[{"name":"wp","href":"https:\/\/api.w.org\/{rel}","templated":true}]}}