{"id":25767,"date":"2023-10-02T14:18:36","date_gmt":"2023-10-02T14:24:37","guid":{"rendered":"https:\/\/www.finsdesiecles-artdeco.com\/?post_type=product&#038;p=25767"},"modified":"2023-10-02T14:24:37","modified_gmt":"2023-10-02T14:24:37","slug":"table-basse-danemark-1972","status":"publish","type":"product","link":"https:\/\/www.finsdesiecles-artdeco.com\/fr\/product\/table-basse-danemark-1972\/","title":{"rendered":"Table basse &#8211; Danemark 1972"},"content":{"rendered":"<p>Table basse &#8211; Danemark 1972<\/p>\n<p><strong>Dimensions<\/strong><\/p>\n<p><strong>cm<\/strong> 76 x 76 x 49<\/p>\n<p><strong>inches<\/strong> 29.92 x 29.92 x 19.29<\/p>\n","protected":false},"excerpt":{"rendered":"<p>Table basse en bois plaqu\u00e9 de palissandre \u00e0 4 pieds d\u00e9montables, plateau \u00e0 cadre en palissandre et 9 carreaux de c\u00e9ramique \u00e0 d\u00e9cor g\u00e9om\u00e9trique dans les tons blanc cass\u00e9 et olive. Finition gomme-laque satin\u00e9e<\/p>\n<p>Travail de la firme Gangso.<\/p>\n<p>Danemark dat\u00e9 du 12 avril 1972.<\/p>\n<p>&nbsp;<\/p>\n<p><strong>Dimensions<\/strong><\/p>\n<p><strong>cm<\/strong> 76 x 76 x 49<\/p>\n<p><strong>inches<\/strong> 29.92 x 29.92 x 19.29<\/p>\n<p>&nbsp;<\/p>\n<p>&nbsp;<\/p>\n","protected":false},"featured_media":25750,"template":"","meta":{"_editorskit_title_hidden":false,"_editorskit_reading_time":0,"_editorskit_is_block_options_detached":false,"_editorskit_block_options_position":"{}","inline_featured_image":false},"product_brand":[],"product_cat":[291],"product_tag":[],"class_list":{"0":"post-25767","1":"product","2":"type-product","3":"status-publish","4":"has-post-thumbnail","6":"product_cat-tables-basses","8":"first","9":"instock","10":"shipping-taxable","11":"purchasable","12":"product-type-simple"},"_links":{"self":[{"href":"https:\/\/www.finsdesiecles-artdeco.com\/fr\/wp-json\/wp\/v2\/product\/25767","targetHints":{"allow":["GET"]}}],"collection":[{"href":"https:\/\/www.finsdesiecles-artdeco.com\/fr\/wp-json\/wp\/v2\/product"}],"about":[{"href":"https:\/\/www.finsdesiecles-artdeco.com\/fr\/wp-json\/wp\/v2\/types\/product"}],"wp:featuredmedia":[{"embeddable":true,"href":"https:\/\/www.finsdesiecles-artdeco.com\/fr\/wp-json\/wp\/v2\/media\/25750"}],"wp:attachment":[{"href":"https:\/\/www.finsdesiecles-artdeco.com\/fr\/wp-json\/wp\/v2\/media?parent=25767"}],"wp:term":[{"taxonomy":"product_brand","embeddable":true,"href":"https:\/\/www.finsdesiecles-artdeco.com\/fr\/wp-json\/wp\/v2\/product_brand?post=25767"},{"taxonomy":"product_cat","embeddable":true,"href":"https:\/\/www.finsdesiecles-artdeco.com\/fr\/wp-json\/wp\/v2\/product_cat?post=25767"},{"taxonomy":"product_tag","embeddable":true,"href":"https:\/\/www.finsdesiecles-artdeco.com\/fr\/wp-json\/wp\/v2\/product_tag?post=25767"}],"curies":[{"name":"wp","href":"https:\/\/api.w.org\/{rel}","templated":true}]}}