{"id":26888,"date":"2023-12-14T10:27:09","date_gmt":"2023-12-14T10:41:46","guid":{"rendered":"https:\/\/www.finsdesiecles-artdeco.com\/?post_type=product&#038;p=26888"},"modified":"2023-12-14T10:41:46","modified_gmt":"2023-12-14T10:41:46","slug":"chariot-desserte-par-cesare-lacca-pour-cassina-italie-1948-50","status":"publish","type":"product","link":"https:\/\/www.finsdesiecles-artdeco.com\/fr\/product\/chariot-desserte-par-cesare-lacca-pour-cassina-italie-1948-50\/","title":{"rendered":"Chariot-desserte par Cesare Lacca pour Cassina &#8211; Italie 1948-50"},"content":{"rendered":"<p><strong>Cesare Lacca\u00a0<\/strong>(Naples, Italie, 1929 \u2013 \u00a0)<\/p>\n<p>Architecte et designer italien. N\u00e9 \u00e0 Naples, Lacca a d\u00e9m\u00e9nag\u00e9 \u00e0 Milan apr\u00e8s la Seconde Guerre mondiale pour lancer sa carri\u00e8re. Avant m\u00eame qu\u2019il n\u2019ait 21 ans, son travail a \u00e9t\u00e9 s\u00e9lectionn\u00e9 par un groupe de conservateurs am\u00e9ricains et a \u00e9t\u00e9 inclus dans l\u2019exposition historique\u00a0<em>Italy at Work: Her Renaissance in Design Today,<\/em>\u00a0la premi\u00e8re grande exposition de design italien en dehors de l\u2019Italie. L\u2019exposition a visit\u00e9 12 mus\u00e9es am\u00e9ricains entre 1950 et 1953 et a pr\u00e9sent\u00e9 les meilleurs et les plus brillants designers italiens, tels que Carlo Mollino, Franco Albini et Gio Ponti. Lacca a con\u00e7u de nombreux chariots \u00e0 th\u00e9 et dessertes de service au cours de sa carri\u00e8re, ainsi que des porte-revues et des tables basses. Il a \u00e9galement con\u00e7u des chaises \u00e0 haut dossier et des lampes. Ses lampes, cependant, sont difficiles \u00e0 trouver. Presque tous ses designs ont \u00e9t\u00e9 cr\u00e9\u00e9s dans les ann\u00e9es 1950, malheureusement nous ne savons pas comment sa carri\u00e8re s\u2019est d\u00e9velopp\u00e9e \u00e0 partir des ann\u00e9es 1960. Aujourd\u2019hui, Cesare Lacca est appr\u00e9ci\u00e9 pour sa contribution \u00e0 l\u2019identit\u00e9 du design italien, ses \u00e9l\u00e9gantes et nombreuses cr\u00e9ations en laiton et ses chariots de service intemporels, qui sont tr\u00e8s recherch\u00e9s.<\/p>\n","protected":false},"excerpt":{"rendered":"<p>Chariot-desserte \u00e0 deux plateaux amovibles et un grand plateau carr\u00e9 fixe en acajou massif teint\u00e9 et verni au tampon, laiton poli et verre. Enti\u00e8rement d\u00e9montable.<\/p>\n<p>Design : Cesare Lacca<\/p>\n<p>Fabricant:\u00a0 Cassina<\/p>\n<p>Italie c. 1948-50.<\/p>\n<p>&nbsp;<\/p>\n<p><strong>Dimensions<\/strong><\/p>\n<p><strong>cm<\/strong> 62 x 60 x 70\/82 (avec manche)<\/p>\n<p><strong>inches<\/strong> 24.41 x 23.62 x 27.56\/32.28 (avec manche)<\/p>\n","protected":false},"featured_media":26853,"template":"","meta":{"_editorskit_title_hidden":false,"_editorskit_reading_time":0,"_editorskit_is_block_options_detached":false,"_editorskit_block_options_position":"{}","inline_featured_image":false},"product_brand":[],"product_cat":[276,321],"product_tag":[],"class_list":{"0":"post-26888","1":"product","2":"type-product","3":"status-publish","4":"has-post-thumbnail","6":"product_cat-auxiliaires","7":"product_cat-dessertes","9":"first","10":"instock","11":"shipping-taxable","12":"purchasable","13":"product-type-simple"},"_links":{"self":[{"href":"https:\/\/www.finsdesiecles-artdeco.com\/fr\/wp-json\/wp\/v2\/product\/26888","targetHints":{"allow":["GET"]}}],"collection":[{"href":"https:\/\/www.finsdesiecles-artdeco.com\/fr\/wp-json\/wp\/v2\/product"}],"about":[{"href":"https:\/\/www.finsdesiecles-artdeco.com\/fr\/wp-json\/wp\/v2\/types\/product"}],"wp:featuredmedia":[{"embeddable":true,"href":"https:\/\/www.finsdesiecles-artdeco.com\/fr\/wp-json\/wp\/v2\/media\/26853"}],"wp:attachment":[{"href":"https:\/\/www.finsdesiecles-artdeco.com\/fr\/wp-json\/wp\/v2\/media?parent=26888"}],"wp:term":[{"taxonomy":"product_brand","embeddable":true,"href":"https:\/\/www.finsdesiecles-artdeco.com\/fr\/wp-json\/wp\/v2\/product_brand?post=26888"},{"taxonomy":"product_cat","embeddable":true,"href":"https:\/\/www.finsdesiecles-artdeco.com\/fr\/wp-json\/wp\/v2\/product_cat?post=26888"},{"taxonomy":"product_tag","embeddable":true,"href":"https:\/\/www.finsdesiecles-artdeco.com\/fr\/wp-json\/wp\/v2\/product_tag?post=26888"}],"curies":[{"name":"wp","href":"https:\/\/api.w.org\/{rel}","templated":true}]}}