{"id":27269,"date":"2024-01-03T17:03:22","date_gmt":"2024-01-03T17:10:53","guid":{"rendered":"https:\/\/www.finsdesiecles-artdeco.com\/?post_type=product&#038;p=27269"},"modified":"2024-01-03T17:17:58","modified_gmt":"2024-01-03T17:17:58","slug":"grand-miroir-laque-indochine-francaise-1925","status":"publish","type":"product","link":"https:\/\/www.finsdesiecles-artdeco.com\/fr\/product\/grand-miroir-laque-indochine-francaise-1925\/","title":{"rendered":"Grand miroir laqu\u00e9 &#8211; Indochine fran\u00e7aise 1925"},"content":{"rendered":"<p>Grand miroir laqu\u00e9 &#8211; Indochine fran\u00e7aise 1925<\/p>\n<p><strong>Dimensions<\/strong><\/p>\n<p><strong>cm<\/strong>\u00a061 x 3,5 x 147<\/p>\n<p><strong>inches<\/strong>\u00a024.02 x 1.38 x 57.87<\/p>\n","protected":false},"excerpt":{"rendered":"<p>Grand miroir encadr\u00e9 en bois massif laqu\u00e9 corail (laque originale) glace \u00e9paisse \u00e0 large biseau.<\/p>\n<p>Travail suppos\u00e9ment effectu\u00e9 en Indochine fran\u00e7aise vers 1925.<\/p>\n<p>&nbsp;<\/p>\n<p><strong>Dimensions<\/strong><\/p>\n<p><strong>cm<\/strong>\u00a061 x 3,5 x 147<\/p>\n<p><strong>inches<\/strong>\u00a024.02 x 1.38 x 57.87<\/p>\n","protected":false},"featured_media":27258,"template":"","meta":{"_editorskit_title_hidden":false,"_editorskit_reading_time":0,"_editorskit_is_block_options_detached":false,"_editorskit_block_options_position":"{}","inline_featured_image":false},"product_brand":[],"product_cat":[454,342],"product_tag":[],"class_list":{"0":"post-27269","1":"product","2":"type-product","3":"status-publish","4":"has-post-thumbnail","6":"product_cat-miroirs-fr","7":"product_cat-miroirs","9":"first","10":"outofstock","11":"shipping-taxable","12":"product-type-simple"},"_links":{"self":[{"href":"https:\/\/www.finsdesiecles-artdeco.com\/fr\/wp-json\/wp\/v2\/product\/27269","targetHints":{"allow":["GET"]}}],"collection":[{"href":"https:\/\/www.finsdesiecles-artdeco.com\/fr\/wp-json\/wp\/v2\/product"}],"about":[{"href":"https:\/\/www.finsdesiecles-artdeco.com\/fr\/wp-json\/wp\/v2\/types\/product"}],"wp:featuredmedia":[{"embeddable":true,"href":"https:\/\/www.finsdesiecles-artdeco.com\/fr\/wp-json\/wp\/v2\/media\/27258"}],"wp:attachment":[{"href":"https:\/\/www.finsdesiecles-artdeco.com\/fr\/wp-json\/wp\/v2\/media?parent=27269"}],"wp:term":[{"taxonomy":"product_brand","embeddable":true,"href":"https:\/\/www.finsdesiecles-artdeco.com\/fr\/wp-json\/wp\/v2\/product_brand?post=27269"},{"taxonomy":"product_cat","embeddable":true,"href":"https:\/\/www.finsdesiecles-artdeco.com\/fr\/wp-json\/wp\/v2\/product_cat?post=27269"},{"taxonomy":"product_tag","embeddable":true,"href":"https:\/\/www.finsdesiecles-artdeco.com\/fr\/wp-json\/wp\/v2\/product_tag?post=27269"}],"curies":[{"name":"wp","href":"https:\/\/api.w.org\/{rel}","templated":true}]}}