{"id":27515,"date":"2024-01-25T11:48:44","date_gmt":"2024-01-25T12:16:25","guid":{"rendered":"https:\/\/www.finsdesiecles-artdeco.com\/?post_type=product&#038;p=27515"},"modified":"2024-01-26T10:29:33","modified_gmt":"2024-01-26T10:29:33","slug":"commode-art-deco-italie-1930","status":"publish","type":"product","link":"https:\/\/www.finsdesiecles-artdeco.com\/fr\/product\/commode-art-deco-italie-1930\/","title":{"rendered":"Commode Art D\u00e9co &#8211; Italie 1930"},"content":{"rendered":"<p>Commode Art D\u00e9co &#8211; Italie 1930<\/p>\n<p><strong>Dimensions<\/strong><\/p>\n<p><strong>cm<\/strong>\u00a0147 x 54,5 x 88,5<\/p>\n<p><strong>inches<\/strong>\u00a057.87 x 21.46 x 34.84<\/p>\n","protected":false},"excerpt":{"rendered":"<p>Spectaculaire grande commode Art D\u00e9co en bois plaqu\u00e9 de palissandre pour le corps et le socle, d&rsquo;acajou mouchet\u00e9 pour les faces de tiroirs (faits en ch\u00eane massif) et le pied. Verni au tampon. Poign\u00e9es et d\u00e9coration du socle en laiton poli.<\/p>\n<p>Italie vers 1930<\/p>\n<p>&nbsp;<\/p>\n<p><strong>Dimensions<\/strong><\/p>\n<p><strong>cm<\/strong>\u00a0147 x 54,5 x 88,5<\/p>\n<p><strong>inches<\/strong>\u00a057.87 x 21.46 x 34.84<\/p>\n","protected":false},"featured_media":27483,"template":"","meta":{"_editorskit_title_hidden":false,"_editorskit_reading_time":0,"_editorskit_is_block_options_detached":false,"_editorskit_block_options_position":"{}","inline_featured_image":false},"product_brand":[],"product_cat":[415,306],"product_tag":[],"class_list":{"0":"post-27515","1":"product","2":"type-product","3":"status-publish","4":"has-post-thumbnail","6":"product_cat-meubles-de-rangement","7":"product_cat-commodes","9":"first","10":"outofstock","11":"shipping-taxable","12":"product-type-simple"},"_links":{"self":[{"href":"https:\/\/www.finsdesiecles-artdeco.com\/fr\/wp-json\/wp\/v2\/product\/27515","targetHints":{"allow":["GET"]}}],"collection":[{"href":"https:\/\/www.finsdesiecles-artdeco.com\/fr\/wp-json\/wp\/v2\/product"}],"about":[{"href":"https:\/\/www.finsdesiecles-artdeco.com\/fr\/wp-json\/wp\/v2\/types\/product"}],"wp:featuredmedia":[{"embeddable":true,"href":"https:\/\/www.finsdesiecles-artdeco.com\/fr\/wp-json\/wp\/v2\/media\/27483"}],"wp:attachment":[{"href":"https:\/\/www.finsdesiecles-artdeco.com\/fr\/wp-json\/wp\/v2\/media?parent=27515"}],"wp:term":[{"taxonomy":"product_brand","embeddable":true,"href":"https:\/\/www.finsdesiecles-artdeco.com\/fr\/wp-json\/wp\/v2\/product_brand?post=27515"},{"taxonomy":"product_cat","embeddable":true,"href":"https:\/\/www.finsdesiecles-artdeco.com\/fr\/wp-json\/wp\/v2\/product_cat?post=27515"},{"taxonomy":"product_tag","embeddable":true,"href":"https:\/\/www.finsdesiecles-artdeco.com\/fr\/wp-json\/wp\/v2\/product_tag?post=27515"}],"curies":[{"name":"wp","href":"https:\/\/api.w.org\/{rel}","templated":true}]}}