{"id":27613,"date":"2024-01-28T12:53:04","date_gmt":"2024-01-28T13:05:32","guid":{"rendered":"https:\/\/www.finsdesiecles-artdeco.com\/?post_type=product&#038;p=27613"},"modified":"2024-01-28T13:05:33","modified_gmt":"2024-01-28T13:05:33","slug":"petit-meuble-secretaire-art-deco-france-1930","status":"publish","type":"product","link":"https:\/\/www.finsdesiecles-artdeco.com\/fr\/product\/petit-meuble-secretaire-art-deco-france-1930\/","title":{"rendered":"Petit meuble secr\u00e9taire Art D\u00e9co &#8211; France 1930"},"content":{"rendered":"<p>Petit meuble secr\u00e9taire Art D\u00e9co &#8211; France 1930<\/p>\n<p><strong>Dimensions<\/strong><\/p>\n<p><strong>cm<\/strong> 55 x 38\/41 (avec tiroirs) x 115<\/p>\n<p><strong>inches<\/strong> 21.65 x 14.96\/16.14 (avec tiroirs) x 45.27<\/p>\n","protected":false},"excerpt":{"rendered":"<p>Petit meuble secr\u00e9taire Art D\u00e9co en bois plaqu\u00e9 de noyer et loupe de noyer, trois tiroirs et un abattant ouvrant sur un petit espace bureau et rangement en marqueterie et noyer clair. Tr\u00e8s belle qualit\u00e9 de fabrication. Vernis au tampon.<\/p>\n<p>France vers 1930<\/p>\n<p>&nbsp;<\/p>\n<p><strong>Dimensions<\/strong><\/p>\n<p><strong>cm<\/strong> 55 x 38\/41 (avec tiroirs) x 115<\/p>\n<p><strong>inches<\/strong> 21.65 x 14.96\/16.14 (avec tiroirs) x 45.27<\/p>\n<p>&nbsp;<\/p>\n<p>&nbsp;<\/p>\n","protected":false},"featured_media":27575,"template":"","meta":{"_editorskit_title_hidden":false,"_editorskit_reading_time":0,"_editorskit_is_block_options_detached":false,"_editorskit_block_options_position":"{}","inline_featured_image":false},"product_brand":[],"product_cat":[442,276],"product_tag":[],"class_list":{"0":"post-27613","1":"product","2":"type-product","3":"status-publish","4":"has-post-thumbnail","6":"product_cat-secretaires-fr","7":"product_cat-auxiliaires","9":"first","10":"outofstock","11":"shipping-taxable","12":"product-type-simple"},"_links":{"self":[{"href":"https:\/\/www.finsdesiecles-artdeco.com\/fr\/wp-json\/wp\/v2\/product\/27613","targetHints":{"allow":["GET"]}}],"collection":[{"href":"https:\/\/www.finsdesiecles-artdeco.com\/fr\/wp-json\/wp\/v2\/product"}],"about":[{"href":"https:\/\/www.finsdesiecles-artdeco.com\/fr\/wp-json\/wp\/v2\/types\/product"}],"wp:featuredmedia":[{"embeddable":true,"href":"https:\/\/www.finsdesiecles-artdeco.com\/fr\/wp-json\/wp\/v2\/media\/27575"}],"wp:attachment":[{"href":"https:\/\/www.finsdesiecles-artdeco.com\/fr\/wp-json\/wp\/v2\/media?parent=27613"}],"wp:term":[{"taxonomy":"product_brand","embeddable":true,"href":"https:\/\/www.finsdesiecles-artdeco.com\/fr\/wp-json\/wp\/v2\/product_brand?post=27613"},{"taxonomy":"product_cat","embeddable":true,"href":"https:\/\/www.finsdesiecles-artdeco.com\/fr\/wp-json\/wp\/v2\/product_cat?post=27613"},{"taxonomy":"product_tag","embeddable":true,"href":"https:\/\/www.finsdesiecles-artdeco.com\/fr\/wp-json\/wp\/v2\/product_tag?post=27613"}],"curies":[{"name":"wp","href":"https:\/\/api.w.org\/{rel}","templated":true}]}}