{"id":27766,"date":"2024-02-01T17:19:11","date_gmt":"2024-02-01T17:28:20","guid":{"rendered":"https:\/\/www.finsdesiecles-artdeco.com\/?post_type=product&#038;p=27766"},"modified":"2024-02-01T17:28:21","modified_gmt":"2024-02-01T17:28:21","slug":"paire-de-chauffeuses-italie-1940","status":"publish","type":"product","link":"https:\/\/www.finsdesiecles-artdeco.com\/fr\/product\/paire-de-chauffeuses-italie-1940\/","title":{"rendered":"Paire de chauffeuses &#8211; Italie 1940"},"content":{"rendered":"<p>Paire de chauffeuses &#8211; Italie 1940<\/p>\n<p><strong>Dimensions\u00a0<\/strong><\/p>\n<p><strong>cm<\/strong> 56 x 60 x 79 \/ 43 (assise)<\/p>\n<p><strong>inches<\/strong> 22.05 x 23.62 x 31.10 \/ 16.93 (assise)<\/p>\n","protected":false},"excerpt":{"rendered":"<p>Paire de chauffeuses \u00e0 structure en bois, garnissage et tapisserie refaits totalement \u00e0 neuf en velours jaune citron. Pieds en ch\u00eane teint\u00e9 fonc\u00e9.<\/p>\n<p>Italie vers 1940<\/p>\n<p>&nbsp;<\/p>\n<p><strong>Dimensions\u00a0<\/strong><\/p>\n<p><strong>cm<\/strong> 56 x 60 x 79 \/ 43 (assise)<\/p>\n<p><strong>inches<\/strong> 22.05 x 23.62 x 31.10 \/ 16.93 (assise)<\/p>\n","protected":false},"featured_media":27746,"template":"","meta":{"_editorskit_title_hidden":false,"_editorskit_reading_time":0,"_editorskit_is_block_options_detached":false,"_editorskit_block_options_position":"{}","inline_featured_image":false},"product_brand":[],"product_cat":[440,250],"product_tag":[],"class_list":{"0":"post-27766","1":"product","2":"type-product","3":"status-publish","4":"has-post-thumbnail","6":"product_cat-chauffeuses","7":"product_cat-sieges","9":"first","10":"instock","11":"shipping-taxable","12":"purchasable","13":"product-type-simple"},"_links":{"self":[{"href":"https:\/\/www.finsdesiecles-artdeco.com\/fr\/wp-json\/wp\/v2\/product\/27766","targetHints":{"allow":["GET"]}}],"collection":[{"href":"https:\/\/www.finsdesiecles-artdeco.com\/fr\/wp-json\/wp\/v2\/product"}],"about":[{"href":"https:\/\/www.finsdesiecles-artdeco.com\/fr\/wp-json\/wp\/v2\/types\/product"}],"wp:featuredmedia":[{"embeddable":true,"href":"https:\/\/www.finsdesiecles-artdeco.com\/fr\/wp-json\/wp\/v2\/media\/27746"}],"wp:attachment":[{"href":"https:\/\/www.finsdesiecles-artdeco.com\/fr\/wp-json\/wp\/v2\/media?parent=27766"}],"wp:term":[{"taxonomy":"product_brand","embeddable":true,"href":"https:\/\/www.finsdesiecles-artdeco.com\/fr\/wp-json\/wp\/v2\/product_brand?post=27766"},{"taxonomy":"product_cat","embeddable":true,"href":"https:\/\/www.finsdesiecles-artdeco.com\/fr\/wp-json\/wp\/v2\/product_cat?post=27766"},{"taxonomy":"product_tag","embeddable":true,"href":"https:\/\/www.finsdesiecles-artdeco.com\/fr\/wp-json\/wp\/v2\/product_tag?post=27766"}],"curies":[{"name":"wp","href":"https:\/\/api.w.org\/{rel}","templated":true}]}}