{"id":27886,"date":"2024-02-06T17:19:08","date_gmt":"2024-02-06T17:24:46","guid":{"rendered":"https:\/\/www.finsdesiecles-artdeco.com\/?post_type=product&#038;p=27886"},"modified":"2024-02-06T17:35:50","modified_gmt":"2024-02-06T17:35:50","slug":"gran-miroir-ovale-attribue-a-fontana-arte-1960","status":"publish","type":"product","link":"https:\/\/www.finsdesiecles-artdeco.com\/fr\/product\/gran-miroir-ovale-attribue-a-fontana-arte-1960\/","title":{"rendered":"Gran miroir ovale attribu\u00e9 \u00e0 Fontana Arte &#8211; 1960"},"content":{"rendered":"<p>Gran miroir ovale attribu\u00e9 \u00e0 Fontana Arte &#8211; 1960<\/p>\n<p><strong>Dimensions<\/strong><\/p>\n<p><strong>cm<\/strong>\u00a064 (max) x 3 x 91<\/p>\n<p><strong>inches<\/strong>\u00a025.20 (max.) x 1.18 x 35.83<\/p>\n","protected":false},"excerpt":{"rendered":"<p>Spectaculaire grand miroir ovale. Glace biseaut\u00e9e mont\u00e9e dans un encadrement en miroir vert sombre asym\u00e9trique biseaut\u00e9 sur les c\u00f4t\u00e9s int\u00e9rieur et ext\u00e9rieur (syst\u00e8me de fixation \u00e9labor\u00e9 et d\u00e9montable). Tr\u00e8s grande qualit\u00e9 d&rsquo;ex\u00e9cution.<\/p>\n<p>Attribu\u00e9 \u00e0 Fontana Arte.<\/p>\n<p>Italie 1960<\/p>\n<p>&nbsp;<\/p>\n<p><strong>Dimensions<\/strong><\/p>\n<p><strong>cm<\/strong>\u00a064 (max) x 3 x 91<\/p>\n<p><strong>inches<\/strong>\u00a025.20 (max.) x 1.18 x 35.83<\/p>\n<p>&nbsp;<\/p>\n","protected":false},"featured_media":27871,"template":"","meta":{"_editorskit_title_hidden":false,"_editorskit_reading_time":0,"_editorskit_is_block_options_detached":false,"_editorskit_block_options_position":"{}","inline_featured_image":false},"product_brand":[],"product_cat":[454,342],"product_tag":[],"class_list":{"0":"post-27886","1":"product","2":"type-product","3":"status-publish","4":"has-post-thumbnail","6":"product_cat-miroirs-fr","7":"product_cat-miroirs","9":"first","10":"outofstock","11":"shipping-taxable","12":"product-type-simple"},"_links":{"self":[{"href":"https:\/\/www.finsdesiecles-artdeco.com\/fr\/wp-json\/wp\/v2\/product\/27886","targetHints":{"allow":["GET"]}}],"collection":[{"href":"https:\/\/www.finsdesiecles-artdeco.com\/fr\/wp-json\/wp\/v2\/product"}],"about":[{"href":"https:\/\/www.finsdesiecles-artdeco.com\/fr\/wp-json\/wp\/v2\/types\/product"}],"wp:featuredmedia":[{"embeddable":true,"href":"https:\/\/www.finsdesiecles-artdeco.com\/fr\/wp-json\/wp\/v2\/media\/27871"}],"wp:attachment":[{"href":"https:\/\/www.finsdesiecles-artdeco.com\/fr\/wp-json\/wp\/v2\/media?parent=27886"}],"wp:term":[{"taxonomy":"product_brand","embeddable":true,"href":"https:\/\/www.finsdesiecles-artdeco.com\/fr\/wp-json\/wp\/v2\/product_brand?post=27886"},{"taxonomy":"product_cat","embeddable":true,"href":"https:\/\/www.finsdesiecles-artdeco.com\/fr\/wp-json\/wp\/v2\/product_cat?post=27886"},{"taxonomy":"product_tag","embeddable":true,"href":"https:\/\/www.finsdesiecles-artdeco.com\/fr\/wp-json\/wp\/v2\/product_tag?post=27886"}],"curies":[{"name":"wp","href":"https:\/\/api.w.org\/{rel}","templated":true}]}}