{"id":27911,"date":"2024-02-08T14:55:45","date_gmt":"2024-02-08T15:00:41","guid":{"rendered":"https:\/\/www.finsdesiecles-artdeco.com\/?post_type=product&#038;p=27911"},"modified":"2024-02-08T15:00:41","modified_gmt":"2024-02-08T15:00:41","slug":"gueridon-mini-bar-france-1940","status":"publish","type":"product","link":"https:\/\/www.finsdesiecles-artdeco.com\/fr\/product\/gueridon-mini-bar-france-1940\/","title":{"rendered":"Gu\u00e9ridon &#8211; mini bar &#8211; France 1940"},"content":{"rendered":"<p>Gu\u00e9ridon &#8211; mini bar &#8211; France 1940<\/p>\n<p><strong>Dimensions<\/strong><\/p>\n<p><strong>cm<\/strong>\u00a0Diam. 73,50 x 59,50<\/p>\n<p><strong>inches<\/strong>\u00a0Diam. 28.94 x 23.43<\/p>\n","protected":false},"excerpt":{"rendered":"<p>Gu\u00e9ridon &#8211; mini bar circulaire en bois plaqu\u00e9 de palissandre, socle en h\u00eatre laqu\u00e9 noir, bouton en laiton nickel\u00e9. Vernis au tampon.<\/p>\n<p>France 1940<\/p>\n<p>&nbsp;<\/p>\n<p><strong>Dimensions<\/strong><\/p>\n<p><strong>cm<\/strong>\u00a0Diam. 73,50 x 59,50<\/p>\n<p><strong>inches<\/strong>\u00a0Diam. 28.94 x 23.43<\/p>\n","protected":false},"featured_media":27897,"template":"","meta":{"_editorskit_title_hidden":false,"_editorskit_reading_time":0,"_editorskit_is_block_options_detached":false,"_editorskit_block_options_position":"{}","inline_featured_image":false},"product_brand":[],"product_cat":[256,257,276,318],"product_tag":[],"class_list":{"0":"post-27911","1":"product","2":"type-product","3":"status-publish","4":"has-post-thumbnail","6":"product_cat-tables","7":"product_cat-gueridons","8":"product_cat-auxiliaires","9":"product_cat-meubles-bar","11":"first","12":"instock","13":"shipping-taxable","14":"purchasable","15":"product-type-simple"},"_links":{"self":[{"href":"https:\/\/www.finsdesiecles-artdeco.com\/fr\/wp-json\/wp\/v2\/product\/27911","targetHints":{"allow":["GET"]}}],"collection":[{"href":"https:\/\/www.finsdesiecles-artdeco.com\/fr\/wp-json\/wp\/v2\/product"}],"about":[{"href":"https:\/\/www.finsdesiecles-artdeco.com\/fr\/wp-json\/wp\/v2\/types\/product"}],"wp:featuredmedia":[{"embeddable":true,"href":"https:\/\/www.finsdesiecles-artdeco.com\/fr\/wp-json\/wp\/v2\/media\/27897"}],"wp:attachment":[{"href":"https:\/\/www.finsdesiecles-artdeco.com\/fr\/wp-json\/wp\/v2\/media?parent=27911"}],"wp:term":[{"taxonomy":"product_brand","embeddable":true,"href":"https:\/\/www.finsdesiecles-artdeco.com\/fr\/wp-json\/wp\/v2\/product_brand?post=27911"},{"taxonomy":"product_cat","embeddable":true,"href":"https:\/\/www.finsdesiecles-artdeco.com\/fr\/wp-json\/wp\/v2\/product_cat?post=27911"},{"taxonomy":"product_tag","embeddable":true,"href":"https:\/\/www.finsdesiecles-artdeco.com\/fr\/wp-json\/wp\/v2\/product_tag?post=27911"}],"curies":[{"name":"wp","href":"https:\/\/api.w.org\/{rel}","templated":true}]}}