{"id":27978,"date":"2024-02-12T10:50:21","date_gmt":"2024-02-12T10:54:46","guid":{"rendered":"https:\/\/www.finsdesiecles-artdeco.com\/?post_type=product&#038;p=27978"},"modified":"2024-02-12T10:54:46","modified_gmt":"2024-02-12T10:54:46","slug":"paire-de-vases-en-terre-cuite-vernissee-france-1950","status":"publish","type":"product","link":"https:\/\/www.finsdesiecles-artdeco.com\/fr\/product\/paire-de-vases-en-terre-cuite-vernissee-france-1950\/","title":{"rendered":"Paire de vases en terre cuite verniss\u00e9e &#8211; France 1950"},"content":{"rendered":"<p>Paire de vases en terre cuite verniss\u00e9e &#8211; France 1950<\/p>\n<p><strong>Dimensions<\/strong><\/p>\n<p><strong>cm<\/strong>\u00a0Diam 16 x 37<\/p>\n<p>Diam 15 x 35,5<\/p>\n<p><strong>inches<\/strong>\u00a0Diam 6.30 x 14.57<\/p>\n<p>Diam 5.91 x 13.98<\/p>\n","protected":false},"excerpt":{"rendered":"<p>Paire de vases en terre cuite verniss\u00e9e \u00e0 d\u00e9cor zoomorphique. Petits accidents (\u00e9clats recoll\u00e9s).<\/p>\n<p>France vers 1950<\/p>\n<p>&nbsp;<\/p>\n<p><strong>Dimensions<\/strong><\/p>\n<p><strong>cm<\/strong>\u00a0Diam 16 x 37<\/p>\n<p>Diam 15 x 35,5<\/p>\n<p><strong>inches<\/strong>\u00a0Diam 6.30 x 14.57<\/p>\n<p>Diam 5.91 x 13.98<\/p>\n","protected":false},"featured_media":27953,"template":"","meta":{"_editorskit_title_hidden":false,"_editorskit_reading_time":0,"_editorskit_is_block_options_detached":false,"_editorskit_block_options_position":"{}","inline_featured_image":false},"product_brand":[],"product_cat":[462,267],"product_tag":[],"class_list":{"0":"post-27978","1":"product","2":"type-product","3":"status-publish","4":"has-post-thumbnail","6":"product_cat-ceramiques","7":"product_cat-objets-et-accessoires","9":"first","10":"instock","11":"shipping-taxable","12":"purchasable","13":"product-type-simple"},"_links":{"self":[{"href":"https:\/\/www.finsdesiecles-artdeco.com\/fr\/wp-json\/wp\/v2\/product\/27978","targetHints":{"allow":["GET"]}}],"collection":[{"href":"https:\/\/www.finsdesiecles-artdeco.com\/fr\/wp-json\/wp\/v2\/product"}],"about":[{"href":"https:\/\/www.finsdesiecles-artdeco.com\/fr\/wp-json\/wp\/v2\/types\/product"}],"wp:featuredmedia":[{"embeddable":true,"href":"https:\/\/www.finsdesiecles-artdeco.com\/fr\/wp-json\/wp\/v2\/media\/27953"}],"wp:attachment":[{"href":"https:\/\/www.finsdesiecles-artdeco.com\/fr\/wp-json\/wp\/v2\/media?parent=27978"}],"wp:term":[{"taxonomy":"product_brand","embeddable":true,"href":"https:\/\/www.finsdesiecles-artdeco.com\/fr\/wp-json\/wp\/v2\/product_brand?post=27978"},{"taxonomy":"product_cat","embeddable":true,"href":"https:\/\/www.finsdesiecles-artdeco.com\/fr\/wp-json\/wp\/v2\/product_cat?post=27978"},{"taxonomy":"product_tag","embeddable":true,"href":"https:\/\/www.finsdesiecles-artdeco.com\/fr\/wp-json\/wp\/v2\/product_tag?post=27978"}],"curies":[{"name":"wp","href":"https:\/\/api.w.org\/{rel}","templated":true}]}}